

{"id":11825,"date":"2021-03-30T12:32:51","date_gmt":"2021-03-30T10:32:51","guid":{"rendered":"https:\/\/www.viennaartweek.at\/?page_id=11825"},"modified":"2022-09-22T15:38:13","modified_gmt":"2022-09-22T13:38:13","slug":"art-cluster-2","status":"publish","type":"page","link":"https:\/\/www.viennaartweek.at\/de\/art-cluster-2\/","title":{"rendered":"Art Cluster Vienna"},"content":{"rendered":"<p>Hinter der VIENNA ART WEEK steht der Art Cluster Vienna. Dieser Tr\u00e4gerverein wurde 2004 mit der Zielsetzung gegr\u00fcndet, Wien als Kunststadt in den Fokus der nationalen und internationalen \u00d6ffentlichkeit zu r\u00fccken. Der Art Cluster Vienna ist ein Zusammenschluss zahlreicher Kunstinstitutionen, darunter die wichtigsten Ausstellungsh\u00e4user, Kunstr\u00e4ume und Ausbildungsinstitutionen der Stadt. Mit ihren qualitativ hochwertigen Programmen und Ideen tragen sie wesentlich zum Erfolg der Kunstwoche bei, die sich seit 2004 zu einem Fixpunkt im Kulturherbst der Stadt entwickelt hat und mit ihren rund 35.000 G\u00e4sten aus dem In- und Ausland die Bedeutung Wiens als Kunststadt hervorhebt.<\/p>\n<p>&nbsp;<\/p>\n<p>Akademie der bildenden K\u00fcnste Wien \u2014 Albertina &amp; Albertina modern \u2014Architekturzentrum Wien \u2014 Belvedere, Belvedere 21 \u2014 Dom Museum Wien \u2014 DOROTHEUM \u2014 Heidi Horten Collection \u2014 K\u00d6R Kunst im \u00f6ffentlichen Raum Wien \u2014 Kunsthalle Wien Museumsquartier &amp; Kunsthalle Wien Karlsplatz \u2014 KUNST HAUS WIEN \u2014 Kunsthistorisches Museum Wien &amp; Weltmuseum Wien \u2014 K\u00fcnstlerhaus \u2014 Leopold Museum \u2014 MAK \u2013 Museum f\u00fcr angewandte Kunst \u2014 mumok Museum Moderner Kunst Stiftung Ludwig Wien \u2014 Nitsch Foundation \u2014 Q21\/MuseumsQuartier Wien \u2014 Sammlung Friedrichshof Stadtraum \u2014 Secession \u2014 Sigmund Freud Museum \u2014\u00a0 STRABAG Kunstforum \u2014 Universit\u00e4t f\u00fcr angewandte Kunst Wien \u2014 Wirtschaftsagentur Wien Creativity &amp; Business<\/p>\n<p>&nbsp;<\/p>\n<p>Art Cluster Vienna &#8211; Verein zur F\u00f6rderung kultureller Einrichtungen<br \/>\nZVR 555805175<\/p>\n<p>&nbsp;<\/p>\n<p>Pr\u00e4sident<br \/>\nMartin B\u00f6hm<\/p>\n<p>&nbsp;<\/p>\n<p>Sekret\u00e4r<br \/>\nRobert Punkenhofer<\/p>\n","protected":false},"excerpt":{"rendered":"<p>Hinter der VIENNA ART WEEK steht der Art Cluster Vienna. Dieser Tr\u00e4gerverein wurde 2004 mit der Zielsetzung gegr\u00fcndet, Wien als Kunststadt in den Fokus der nationalen und internationalen \u00d6ffentlichkeit zu r\u00fccken. Der Art Cluster Vienna ist ein Zusammenschluss zahlreicher Kunstinstitutionen, darunter die wichtigsten Ausstellungsh\u00e4user, Kunstr\u00e4ume\u2026<\/p>\n","protected":false},"author":1,"featured_media":0,"parent":0,"menu_order":97,"comment_status":"closed","ping_status":"closed","template":"page-cluster.php","meta":{"_acf_changed":false,"footnotes":""},"class_list":["post-11825","page","type-page","status-publish","hentry"],"acf":[],"yoast_head":"<!-- This site is optimized with the Yoast SEO plugin v26.8 - https:\/\/yoast.com\/product\/yoast-seo-wordpress\/ -->\n<title>Art Cluster Vienna | Vienna Art Week 2026<\/title>\n<meta name=\"robots\" content=\"index, follow, max-snippet:-1, max-image-preview:large, max-video-preview:-1\" \/>\n<link rel=\"canonical\" href=\"https:\/\/www.viennaartweek.at\/de\/art-cluster-2\/\" \/>\n<meta property=\"og:locale\" content=\"de_DE\" \/>\n<meta property=\"og:type\" content=\"article\" \/>\n<meta property=\"og:title\" content=\"Art Cluster Vienna | Vienna Art Week 2026\" \/>\n<meta property=\"og:description\" content=\"Hinter der VIENNA ART WEEK steht der Art Cluster Vienna. Dieser Tr\u00e4gerverein wurde 2004 mit der Zielsetzung gegr\u00fcndet, Wien als Kunststadt in den Fokus der nationalen und internationalen \u00d6ffentlichkeit zu r\u00fccken. Der Art Cluster Vienna ist ein Zusammenschluss zahlreicher Kunstinstitutionen, darunter die wichtigsten Ausstellungsh\u00e4user, Kunstr\u00e4ume\u2026\" \/>\n<meta property=\"og:url\" content=\"https:\/\/www.viennaartweek.at\/de\/art-cluster-2\/\" \/>\n<meta property=\"og:site_name\" content=\"Vienna Art Week 2026\" \/>\n<meta property=\"article:publisher\" content=\"https:\/\/www.facebook.com\/VIENNAARTWEEK\/\" \/>\n<meta property=\"article:modified_time\" content=\"2022-09-22T13:38:13+00:00\" \/>\n<meta name=\"twitter:card\" content=\"summary_large_image\" \/>\n<meta name=\"twitter:site\" content=\"@viennaartweek\" \/>\n<meta name=\"twitter:label1\" content=\"Gesch\u00e4tzte Lesezeit\" \/>\n\t<meta name=\"twitter:data1\" content=\"2\u00a0Minuten\" \/>\n<script type=\"application\/ld+json\" class=\"yoast-schema-graph\">{\"@context\":\"https:\/\/schema.org\",\"@graph\":[{\"@type\":\"WebPage\",\"@id\":\"https:\/\/www.viennaartweek.at\/de\/art-cluster-2\/\",\"url\":\"https:\/\/www.viennaartweek.at\/de\/art-cluster-2\/\",\"name\":\"Art Cluster Vienna | Vienna Art Week 2026\",\"isPartOf\":{\"@id\":\"https:\/\/www.viennaartweek.at\/de\/#website\"},\"datePublished\":\"2021-03-30T10:32:51+00:00\",\"dateModified\":\"2022-09-22T13:38:13+00:00\",\"breadcrumb\":{\"@id\":\"https:\/\/www.viennaartweek.at\/de\/art-cluster-2\/#breadcrumb\"},\"inLanguage\":\"de\",\"potentialAction\":[{\"@type\":\"ReadAction\",\"target\":[\"https:\/\/www.viennaartweek.at\/de\/art-cluster-2\/\"]}]},{\"@type\":\"BreadcrumbList\",\"@id\":\"https:\/\/www.viennaartweek.at\/de\/art-cluster-2\/#breadcrumb\",\"itemListElement\":[{\"@type\":\"ListItem\",\"position\":1,\"name\":\"Home\",\"item\":\"https:\/\/www.viennaartweek.at\/de\/home2022\/\"},{\"@type\":\"ListItem\",\"position\":2,\"name\":\"Art Cluster Vienna\"}]},{\"@type\":\"WebSite\",\"@id\":\"https:\/\/www.viennaartweek.at\/de\/#website\",\"url\":\"https:\/\/www.viennaartweek.at\/de\/\",\"name\":\"Vienna Art Week 2025\",\"description\":\"6-13 NOV 2026\",\"publisher\":{\"@id\":\"https:\/\/www.viennaartweek.at\/de\/#organization\"},\"potentialAction\":[{\"@type\":\"SearchAction\",\"target\":{\"@type\":\"EntryPoint\",\"urlTemplate\":\"https:\/\/www.viennaartweek.at\/de\/?s={search_term_string}\"},\"query-input\":{\"@type\":\"PropertyValueSpecification\",\"valueRequired\":true,\"valueName\":\"search_term_string\"}}],\"inLanguage\":\"de\"},{\"@type\":\"Organization\",\"@id\":\"https:\/\/www.viennaartweek.at\/de\/#organization\",\"name\":\"Vienna Art Week\",\"url\":\"https:\/\/www.viennaartweek.at\/de\/\",\"logo\":{\"@type\":\"ImageObject\",\"inLanguage\":\"de\",\"@id\":\"https:\/\/www.viennaartweek.at\/de\/#\/schema\/logo\/image\/\",\"url\":\"https:\/\/www.viennaartweek.at\/wp-content\/uploads\/2020\/04\/VAW-logo-01-VAW-BLACK.jpg\",\"contentUrl\":\"https:\/\/www.viennaartweek.at\/wp-content\/uploads\/2020\/04\/VAW-logo-01-VAW-BLACK.jpg\",\"width\":709,\"height\":484,\"caption\":\"Vienna Art Week\"},\"image\":{\"@id\":\"https:\/\/www.viennaartweek.at\/de\/#\/schema\/logo\/image\/\"},\"sameAs\":[\"https:\/\/www.facebook.com\/VIENNAARTWEEK\/\",\"https:\/\/x.com\/viennaartweek\",\"https:\/\/www.instagram.com\/viennaartweek\",\"https:\/\/www.youtube.com\/channel\/UCKepCir33JArLzmYqGJGI1Q\"]}]}<\/script>\n<!-- \/ Yoast SEO plugin. -->","yoast_head_json":{"title":"Art Cluster Vienna | Vienna Art Week 2026","robots":{"index":"index","follow":"follow","max-snippet":"max-snippet:-1","max-image-preview":"max-image-preview:large","max-video-preview":"max-video-preview:-1"},"canonical":"https:\/\/www.viennaartweek.at\/de\/art-cluster-2\/","og_locale":"de_DE","og_type":"article","og_title":"Art Cluster Vienna | Vienna Art Week 2026","og_description":"Hinter der VIENNA ART WEEK steht der Art Cluster Vienna. Dieser Tr\u00e4gerverein wurde 2004 mit der Zielsetzung gegr\u00fcndet, Wien als Kunststadt in den Fokus der nationalen und internationalen \u00d6ffentlichkeit zu r\u00fccken. Der Art Cluster Vienna ist ein Zusammenschluss zahlreicher Kunstinstitutionen, darunter die wichtigsten Ausstellungsh\u00e4user, Kunstr\u00e4ume\u2026","og_url":"https:\/\/www.viennaartweek.at\/de\/art-cluster-2\/","og_site_name":"Vienna Art Week 2026","article_publisher":"https:\/\/www.facebook.com\/VIENNAARTWEEK\/","article_modified_time":"2022-09-22T13:38:13+00:00","twitter_card":"summary_large_image","twitter_site":"@viennaartweek","twitter_misc":{"Gesch\u00e4tzte Lesezeit":"2\u00a0Minuten"},"schema":{"@context":"https:\/\/schema.org","@graph":[{"@type":"WebPage","@id":"https:\/\/www.viennaartweek.at\/de\/art-cluster-2\/","url":"https:\/\/www.viennaartweek.at\/de\/art-cluster-2\/","name":"Art Cluster Vienna | Vienna Art Week 2026","isPartOf":{"@id":"https:\/\/www.viennaartweek.at\/de\/#website"},"datePublished":"2021-03-30T10:32:51+00:00","dateModified":"2022-09-22T13:38:13+00:00","breadcrumb":{"@id":"https:\/\/www.viennaartweek.at\/de\/art-cluster-2\/#breadcrumb"},"inLanguage":"de","potentialAction":[{"@type":"ReadAction","target":["https:\/\/www.viennaartweek.at\/de\/art-cluster-2\/"]}]},{"@type":"BreadcrumbList","@id":"https:\/\/www.viennaartweek.at\/de\/art-cluster-2\/#breadcrumb","itemListElement":[{"@type":"ListItem","position":1,"name":"Home","item":"https:\/\/www.viennaartweek.at\/de\/home2022\/"},{"@type":"ListItem","position":2,"name":"Art Cluster Vienna"}]},{"@type":"WebSite","@id":"https:\/\/www.viennaartweek.at\/de\/#website","url":"https:\/\/www.viennaartweek.at\/de\/","name":"Vienna Art Week 2025","description":"6-13 NOV 2026","publisher":{"@id":"https:\/\/www.viennaartweek.at\/de\/#organization"},"potentialAction":[{"@type":"SearchAction","target":{"@type":"EntryPoint","urlTemplate":"https:\/\/www.viennaartweek.at\/de\/?s={search_term_string}"},"query-input":{"@type":"PropertyValueSpecification","valueRequired":true,"valueName":"search_term_string"}}],"inLanguage":"de"},{"@type":"Organization","@id":"https:\/\/www.viennaartweek.at\/de\/#organization","name":"Vienna Art Week","url":"https:\/\/www.viennaartweek.at\/de\/","logo":{"@type":"ImageObject","inLanguage":"de","@id":"https:\/\/www.viennaartweek.at\/de\/#\/schema\/logo\/image\/","url":"https:\/\/www.viennaartweek.at\/wp-content\/uploads\/2020\/04\/VAW-logo-01-VAW-BLACK.jpg","contentUrl":"https:\/\/www.viennaartweek.at\/wp-content\/uploads\/2020\/04\/VAW-logo-01-VAW-BLACK.jpg","width":709,"height":484,"caption":"Vienna Art Week"},"image":{"@id":"https:\/\/www.viennaartweek.at\/de\/#\/schema\/logo\/image\/"},"sameAs":["https:\/\/www.facebook.com\/VIENNAARTWEEK\/","https:\/\/x.com\/viennaartweek","https:\/\/www.instagram.com\/viennaartweek","https:\/\/www.youtube.com\/channel\/UCKepCir33JArLzmYqGJGI1Q"]}]}},"_links":{"self":[{"href":"https:\/\/www.viennaartweek.at\/de\/wp-json\/wp\/v2\/pages\/11825","targetHints":{"allow":["GET"]}}],"collection":[{"href":"https:\/\/www.viennaartweek.at\/de\/wp-json\/wp\/v2\/pages"}],"about":[{"href":"https:\/\/www.viennaartweek.at\/de\/wp-json\/wp\/v2\/types\/page"}],"author":[{"embeddable":true,"href":"https:\/\/www.viennaartweek.at\/de\/wp-json\/wp\/v2\/users\/1"}],"replies":[{"embeddable":true,"href":"https:\/\/www.viennaartweek.at\/de\/wp-json\/wp\/v2\/comments?post=11825"}],"version-history":[{"count":11,"href":"https:\/\/www.viennaartweek.at\/de\/wp-json\/wp\/v2\/pages\/11825\/revisions"}],"predecessor-version":[{"id":19015,"href":"https:\/\/www.viennaartweek.at\/de\/wp-json\/wp\/v2\/pages\/11825\/revisions\/19015"}],"wp:attachment":[{"href":"https:\/\/www.viennaartweek.at\/de\/wp-json\/wp\/v2\/media?parent=11825"}],"curies":[{"name":"wp","href":"https:\/\/api.w.org\/{rel}","templated":true}]}}