

{"id":18492,"date":"2022-07-29T16:06:15","date_gmt":"2022-07-29T14:06:15","guid":{"rendered":"https:\/\/www.viennaartweek.at\/?page_id=18492"},"modified":"2024-10-23T11:36:03","modified_gmt":"2024-10-23T09:36:03","slug":"leisure","status":"publish","type":"page","link":"https:\/\/www.viennaartweek.at\/de\/app\/leisure\/","title":{"rendered":"F\u00fcr zwischendurch"},"content":{"rendered":"<p>Kunst macht hungrig. Um nicht nur die Seele, sondern auch den K\u00f6rper zu st\u00e4rken, finden Sie hier einige Empfehlungen f\u00fcr nette Lokale in der N\u00e4he der Veranstaltungsorte der VIENNA ART WEEK 2024. Mit Liebe f\u00fcr Sie ausgesucht vom VIENNA ART WEEK-Team.<\/p>\n","protected":false},"excerpt":{"rendered":"<p>Kunst macht hungrig. Um nicht nur die Seele, sondern auch den K\u00f6rper zu st\u00e4rken, finden Sie hier einige Empfehlungen f\u00fcr nette Lokale in der N\u00e4he der Veranstaltungsorte der VIENNA ART WEEK 2024. Mit Liebe f\u00fcr Sie ausgesucht vom VIENNA ART WEEK-Team.<\/p>\n","protected":false},"author":1,"featured_media":0,"parent":18489,"menu_order":54,"comment_status":"closed","ping_status":"closed","template":"app-templates\/leisure-app.php","meta":{"_acf_changed":false,"footnotes":""},"class_list":["post-18492","page","type-page","status-publish","hentry"],"acf":[],"yoast_head":"<!-- This site is optimized with the Yoast SEO plugin v26.8 - https:\/\/yoast.com\/product\/yoast-seo-wordpress\/ -->\n<title>F\u00fcr zwischendurch | Vienna Art Week 2026<\/title>\n<meta name=\"robots\" content=\"index, follow, max-snippet:-1, max-image-preview:large, max-video-preview:-1\" \/>\n<link rel=\"canonical\" href=\"https:\/\/www.viennaartweek.at\/de\/app\/leisure\/\" \/>\n<meta property=\"og:locale\" content=\"de_DE\" \/>\n<meta property=\"og:type\" content=\"article\" \/>\n<meta property=\"og:title\" content=\"F\u00fcr zwischendurch | Vienna Art Week 2026\" \/>\n<meta property=\"og:description\" content=\"Kunst macht hungrig. Um nicht nur die Seele, sondern auch den K\u00f6rper zu st\u00e4rken, finden Sie hier einige Empfehlungen f\u00fcr nette Lokale in der N\u00e4he der Veranstaltungsorte der VIENNA ART WEEK 2024. Mit Liebe f\u00fcr Sie ausgesucht vom VIENNA ART WEEK-Team.\" \/>\n<meta property=\"og:url\" content=\"https:\/\/www.viennaartweek.at\/de\/app\/leisure\/\" \/>\n<meta property=\"og:site_name\" content=\"Vienna Art Week 2026\" \/>\n<meta property=\"article:publisher\" content=\"https:\/\/www.facebook.com\/VIENNAARTWEEK\/\" \/>\n<meta property=\"article:modified_time\" content=\"2024-10-23T09:36:03+00:00\" \/>\n<meta name=\"twitter:card\" content=\"summary_large_image\" \/>\n<meta name=\"twitter:site\" content=\"@viennaartweek\" \/>\n<meta name=\"twitter:label1\" content=\"Gesch\u00e4tzte Lesezeit\" \/>\n\t<meta name=\"twitter:data1\" content=\"1\u00a0Minute\" \/>\n<script type=\"application\/ld+json\" class=\"yoast-schema-graph\">{\"@context\":\"https:\/\/schema.org\",\"@graph\":[{\"@type\":\"WebPage\",\"@id\":\"https:\/\/www.viennaartweek.at\/de\/app\/leisure\/\",\"url\":\"https:\/\/www.viennaartweek.at\/de\/app\/leisure\/\",\"name\":\"F\u00fcr zwischendurch | Vienna Art Week 2026\",\"isPartOf\":{\"@id\":\"https:\/\/www.viennaartweek.at\/de\/#website\"},\"datePublished\":\"2022-07-29T14:06:15+00:00\",\"dateModified\":\"2024-10-23T09:36:03+00:00\",\"breadcrumb\":{\"@id\":\"https:\/\/www.viennaartweek.at\/de\/app\/leisure\/#breadcrumb\"},\"inLanguage\":\"de\",\"potentialAction\":[{\"@type\":\"ReadAction\",\"target\":[\"https:\/\/www.viennaartweek.at\/de\/app\/leisure\/\"]}]},{\"@type\":\"BreadcrumbList\",\"@id\":\"https:\/\/www.viennaartweek.at\/de\/app\/leisure\/#breadcrumb\",\"itemListElement\":[{\"@type\":\"ListItem\",\"position\":1,\"name\":\"Home\",\"item\":\"https:\/\/www.viennaartweek.at\/de\/home2022\/\"},{\"@type\":\"ListItem\",\"position\":2,\"name\":\"App\",\"item\":\"https:\/\/www.viennaartweek.at\/de\/app\/\"},{\"@type\":\"ListItem\",\"position\":3,\"name\":\"F\u00fcr zwischendurch\"}]},{\"@type\":\"WebSite\",\"@id\":\"https:\/\/www.viennaartweek.at\/de\/#website\",\"url\":\"https:\/\/www.viennaartweek.at\/de\/\",\"name\":\"Vienna Art Week 2025\",\"description\":\"6-13 NOV 2026\",\"publisher\":{\"@id\":\"https:\/\/www.viennaartweek.at\/de\/#organization\"},\"potentialAction\":[{\"@type\":\"SearchAction\",\"target\":{\"@type\":\"EntryPoint\",\"urlTemplate\":\"https:\/\/www.viennaartweek.at\/de\/?s={search_term_string}\"},\"query-input\":{\"@type\":\"PropertyValueSpecification\",\"valueRequired\":true,\"valueName\":\"search_term_string\"}}],\"inLanguage\":\"de\"},{\"@type\":\"Organization\",\"@id\":\"https:\/\/www.viennaartweek.at\/de\/#organization\",\"name\":\"Vienna Art Week\",\"url\":\"https:\/\/www.viennaartweek.at\/de\/\",\"logo\":{\"@type\":\"ImageObject\",\"inLanguage\":\"de\",\"@id\":\"https:\/\/www.viennaartweek.at\/de\/#\/schema\/logo\/image\/\",\"url\":\"https:\/\/www.viennaartweek.at\/wp-content\/uploads\/2020\/04\/VAW-logo-01-VAW-BLACK.jpg\",\"contentUrl\":\"https:\/\/www.viennaartweek.at\/wp-content\/uploads\/2020\/04\/VAW-logo-01-VAW-BLACK.jpg\",\"width\":709,\"height\":484,\"caption\":\"Vienna Art Week\"},\"image\":{\"@id\":\"https:\/\/www.viennaartweek.at\/de\/#\/schema\/logo\/image\/\"},\"sameAs\":[\"https:\/\/www.facebook.com\/VIENNAARTWEEK\/\",\"https:\/\/x.com\/viennaartweek\",\"https:\/\/www.instagram.com\/viennaartweek\",\"https:\/\/www.youtube.com\/channel\/UCKepCir33JArLzmYqGJGI1Q\"]}]}<\/script>\n<!-- \/ Yoast SEO plugin. -->","yoast_head_json":{"title":"F\u00fcr zwischendurch | Vienna Art Week 2026","robots":{"index":"index","follow":"follow","max-snippet":"max-snippet:-1","max-image-preview":"max-image-preview:large","max-video-preview":"max-video-preview:-1"},"canonical":"https:\/\/www.viennaartweek.at\/de\/app\/leisure\/","og_locale":"de_DE","og_type":"article","og_title":"F\u00fcr zwischendurch | Vienna Art Week 2026","og_description":"Kunst macht hungrig. Um nicht nur die Seele, sondern auch den K\u00f6rper zu st\u00e4rken, finden Sie hier einige Empfehlungen f\u00fcr nette Lokale in der N\u00e4he der Veranstaltungsorte der VIENNA ART WEEK 2024. Mit Liebe f\u00fcr Sie ausgesucht vom VIENNA ART WEEK-Team.","og_url":"https:\/\/www.viennaartweek.at\/de\/app\/leisure\/","og_site_name":"Vienna Art Week 2026","article_publisher":"https:\/\/www.facebook.com\/VIENNAARTWEEK\/","article_modified_time":"2024-10-23T09:36:03+00:00","twitter_card":"summary_large_image","twitter_site":"@viennaartweek","twitter_misc":{"Gesch\u00e4tzte Lesezeit":"1\u00a0Minute"},"schema":{"@context":"https:\/\/schema.org","@graph":[{"@type":"WebPage","@id":"https:\/\/www.viennaartweek.at\/de\/app\/leisure\/","url":"https:\/\/www.viennaartweek.at\/de\/app\/leisure\/","name":"F\u00fcr zwischendurch | Vienna Art Week 2026","isPartOf":{"@id":"https:\/\/www.viennaartweek.at\/de\/#website"},"datePublished":"2022-07-29T14:06:15+00:00","dateModified":"2024-10-23T09:36:03+00:00","breadcrumb":{"@id":"https:\/\/www.viennaartweek.at\/de\/app\/leisure\/#breadcrumb"},"inLanguage":"de","potentialAction":[{"@type":"ReadAction","target":["https:\/\/www.viennaartweek.at\/de\/app\/leisure\/"]}]},{"@type":"BreadcrumbList","@id":"https:\/\/www.viennaartweek.at\/de\/app\/leisure\/#breadcrumb","itemListElement":[{"@type":"ListItem","position":1,"name":"Home","item":"https:\/\/www.viennaartweek.at\/de\/home2022\/"},{"@type":"ListItem","position":2,"name":"App","item":"https:\/\/www.viennaartweek.at\/de\/app\/"},{"@type":"ListItem","position":3,"name":"F\u00fcr zwischendurch"}]},{"@type":"WebSite","@id":"https:\/\/www.viennaartweek.at\/de\/#website","url":"https:\/\/www.viennaartweek.at\/de\/","name":"Vienna Art Week 2025","description":"6-13 NOV 2026","publisher":{"@id":"https:\/\/www.viennaartweek.at\/de\/#organization"},"potentialAction":[{"@type":"SearchAction","target":{"@type":"EntryPoint","urlTemplate":"https:\/\/www.viennaartweek.at\/de\/?s={search_term_string}"},"query-input":{"@type":"PropertyValueSpecification","valueRequired":true,"valueName":"search_term_string"}}],"inLanguage":"de"},{"@type":"Organization","@id":"https:\/\/www.viennaartweek.at\/de\/#organization","name":"Vienna Art Week","url":"https:\/\/www.viennaartweek.at\/de\/","logo":{"@type":"ImageObject","inLanguage":"de","@id":"https:\/\/www.viennaartweek.at\/de\/#\/schema\/logo\/image\/","url":"https:\/\/www.viennaartweek.at\/wp-content\/uploads\/2020\/04\/VAW-logo-01-VAW-BLACK.jpg","contentUrl":"https:\/\/www.viennaartweek.at\/wp-content\/uploads\/2020\/04\/VAW-logo-01-VAW-BLACK.jpg","width":709,"height":484,"caption":"Vienna Art Week"},"image":{"@id":"https:\/\/www.viennaartweek.at\/de\/#\/schema\/logo\/image\/"},"sameAs":["https:\/\/www.facebook.com\/VIENNAARTWEEK\/","https:\/\/x.com\/viennaartweek","https:\/\/www.instagram.com\/viennaartweek","https:\/\/www.youtube.com\/channel\/UCKepCir33JArLzmYqGJGI1Q"]}]}},"_links":{"self":[{"href":"https:\/\/www.viennaartweek.at\/de\/wp-json\/wp\/v2\/pages\/18492","targetHints":{"allow":["GET"]}}],"collection":[{"href":"https:\/\/www.viennaartweek.at\/de\/wp-json\/wp\/v2\/pages"}],"about":[{"href":"https:\/\/www.viennaartweek.at\/de\/wp-json\/wp\/v2\/types\/page"}],"author":[{"embeddable":true,"href":"https:\/\/www.viennaartweek.at\/de\/wp-json\/wp\/v2\/users\/1"}],"replies":[{"embeddable":true,"href":"https:\/\/www.viennaartweek.at\/de\/wp-json\/wp\/v2\/comments?post=18492"}],"version-history":[{"count":8,"href":"https:\/\/www.viennaartweek.at\/de\/wp-json\/wp\/v2\/pages\/18492\/revisions"}],"predecessor-version":[{"id":30570,"href":"https:\/\/www.viennaartweek.at\/de\/wp-json\/wp\/v2\/pages\/18492\/revisions\/30570"}],"up":[{"embeddable":true,"href":"https:\/\/www.viennaartweek.at\/de\/wp-json\/wp\/v2\/pages\/18489"}],"wp:attachment":[{"href":"https:\/\/www.viennaartweek.at\/de\/wp-json\/wp\/v2\/media?parent=18492"}],"curies":[{"name":"wp","href":"https:\/\/api.w.org\/{rel}","templated":true}]}}