

{"id":18500,"date":"2022-07-29T16:09:05","date_gmt":"2022-07-29T14:09:05","guid":{"rendered":"https:\/\/www.viennaartweek.at\/?page_id=18500"},"modified":"2023-09-06T12:32:15","modified_gmt":"2023-09-06T10:32:15","slug":"open-studio-days-2022","status":"publish","type":"page","link":"https:\/\/www.viennaartweek.at\/de\/app\/open-studio-days-2022\/","title":{"rendered":"Open Studio Days 2022"},"content":{"rendered":"<p>SA, 19. NOV + SO, 20. NOV, jeweils von 13-18 Uhr | Auftakt und ein Herzst\u00fcck der VIENNA ART WEEK 2022 waren die Open Studio Days. Rund 50 von einer Fachjury ausgew\u00e4hlte K\u00fcnstler:innen hielten ihre Ateliers in ganz Wien f\u00fcr Besucher:innen offen. Besucher:innen konnten Blicke hinter die Kulissen k\u00fcnstlerischen Schaffens werfen und mit den K\u00fcnstler:innen ins Gespr\u00e4ch kommen. Inspirierende Begegnungen waren garantiert!<\/p>\n","protected":false},"excerpt":{"rendered":"<p>SA, 19. NOV + SO, 20. NOV, jeweils von 13-18 Uhr | Auftakt und ein Herzst\u00fcck der VIENNA ART WEEK 2022 waren die Open Studio Days. Rund 50 von einer Fachjury ausgew\u00e4hlte K\u00fcnstler:innen hielten ihre Ateliers in ganz Wien f\u00fcr Besucher:innen offen. Besucher:innen konnten Blicke\u2026<\/p>\n","protected":false},"author":1,"featured_media":0,"parent":18489,"menu_order":56,"comment_status":"closed","ping_status":"closed","template":"app-templates\/opendays-app.php","meta":{"_acf_changed":false,"footnotes":""},"class_list":["post-18500","page","type-page","status-publish","hentry"],"acf":[],"yoast_head":"<!-- This site is optimized with the Yoast SEO plugin v26.8 - https:\/\/yoast.com\/product\/yoast-seo-wordpress\/ -->\n<title>Open Studio Days 2022 | Vienna Art Week 2026<\/title>\n<meta name=\"robots\" content=\"index, follow, max-snippet:-1, max-image-preview:large, max-video-preview:-1\" \/>\n<link rel=\"canonical\" href=\"https:\/\/www.viennaartweek.at\/de\/app\/open-studio-days-2022\/\" \/>\n<meta property=\"og:locale\" content=\"de_DE\" \/>\n<meta property=\"og:type\" content=\"article\" \/>\n<meta property=\"og:title\" content=\"Open Studio Days 2022 | Vienna Art Week 2026\" \/>\n<meta property=\"og:description\" content=\"SA, 19. NOV + SO, 20. NOV, jeweils von 13-18 Uhr | Auftakt und ein Herzst\u00fcck der VIENNA ART WEEK 2022 waren die Open Studio Days. Rund 50 von einer Fachjury ausgew\u00e4hlte K\u00fcnstler:innen hielten ihre Ateliers in ganz Wien f\u00fcr Besucher:innen offen. Besucher:innen konnten Blicke\u2026\" \/>\n<meta property=\"og:url\" content=\"https:\/\/www.viennaartweek.at\/de\/app\/open-studio-days-2022\/\" \/>\n<meta property=\"og:site_name\" content=\"Vienna Art Week 2026\" \/>\n<meta property=\"article:publisher\" content=\"https:\/\/www.facebook.com\/VIENNAARTWEEK\/\" \/>\n<meta property=\"article:modified_time\" content=\"2023-09-06T10:32:15+00:00\" \/>\n<meta name=\"twitter:card\" content=\"summary_large_image\" \/>\n<meta name=\"twitter:site\" content=\"@viennaartweek\" \/>\n<meta name=\"twitter:label1\" content=\"Gesch\u00e4tzte Lesezeit\" \/>\n\t<meta name=\"twitter:data1\" content=\"1\u00a0Minute\" \/>\n<script type=\"application\/ld+json\" class=\"yoast-schema-graph\">{\"@context\":\"https:\/\/schema.org\",\"@graph\":[{\"@type\":\"WebPage\",\"@id\":\"https:\/\/www.viennaartweek.at\/de\/app\/open-studio-days-2022\/\",\"url\":\"https:\/\/www.viennaartweek.at\/de\/app\/open-studio-days-2022\/\",\"name\":\"Open Studio Days 2022 | Vienna Art Week 2026\",\"isPartOf\":{\"@id\":\"https:\/\/www.viennaartweek.at\/de\/#website\"},\"datePublished\":\"2022-07-29T14:09:05+00:00\",\"dateModified\":\"2023-09-06T10:32:15+00:00\",\"breadcrumb\":{\"@id\":\"https:\/\/www.viennaartweek.at\/de\/app\/open-studio-days-2022\/#breadcrumb\"},\"inLanguage\":\"de\",\"potentialAction\":[{\"@type\":\"ReadAction\",\"target\":[\"https:\/\/www.viennaartweek.at\/de\/app\/open-studio-days-2022\/\"]}]},{\"@type\":\"BreadcrumbList\",\"@id\":\"https:\/\/www.viennaartweek.at\/de\/app\/open-studio-days-2022\/#breadcrumb\",\"itemListElement\":[{\"@type\":\"ListItem\",\"position\":1,\"name\":\"Home\",\"item\":\"https:\/\/www.viennaartweek.at\/de\/\"},{\"@type\":\"ListItem\",\"position\":2,\"name\":\"App\",\"item\":\"https:\/\/www.viennaartweek.at\/de\/app\/\"},{\"@type\":\"ListItem\",\"position\":3,\"name\":\"Open Studio Days 2022\"}]},{\"@type\":\"WebSite\",\"@id\":\"https:\/\/www.viennaartweek.at\/de\/#website\",\"url\":\"https:\/\/www.viennaartweek.at\/de\/\",\"name\":\"Vienna Art Week 2025\",\"description\":\"6-13 NOV 2026\",\"publisher\":{\"@id\":\"https:\/\/www.viennaartweek.at\/de\/#organization\"},\"potentialAction\":[{\"@type\":\"SearchAction\",\"target\":{\"@type\":\"EntryPoint\",\"urlTemplate\":\"https:\/\/www.viennaartweek.at\/de\/?s={search_term_string}\"},\"query-input\":{\"@type\":\"PropertyValueSpecification\",\"valueRequired\":true,\"valueName\":\"search_term_string\"}}],\"inLanguage\":\"de\"},{\"@type\":\"Organization\",\"@id\":\"https:\/\/www.viennaartweek.at\/de\/#organization\",\"name\":\"Vienna Art Week\",\"url\":\"https:\/\/www.viennaartweek.at\/de\/\",\"logo\":{\"@type\":\"ImageObject\",\"inLanguage\":\"de\",\"@id\":\"https:\/\/www.viennaartweek.at\/de\/#\/schema\/logo\/image\/\",\"url\":\"https:\/\/www.viennaartweek.at\/wp-content\/uploads\/2020\/04\/VAW-logo-01-VAW-BLACK.jpg\",\"contentUrl\":\"https:\/\/www.viennaartweek.at\/wp-content\/uploads\/2020\/04\/VAW-logo-01-VAW-BLACK.jpg\",\"width\":709,\"height\":484,\"caption\":\"Vienna Art Week\"},\"image\":{\"@id\":\"https:\/\/www.viennaartweek.at\/de\/#\/schema\/logo\/image\/\"},\"sameAs\":[\"https:\/\/www.facebook.com\/VIENNAARTWEEK\/\",\"https:\/\/x.com\/viennaartweek\",\"https:\/\/www.instagram.com\/viennaartweek\",\"https:\/\/www.youtube.com\/channel\/UCKepCir33JArLzmYqGJGI1Q\"]}]}<\/script>\n<!-- \/ Yoast SEO plugin. -->","yoast_head_json":{"title":"Open Studio Days 2022 | Vienna Art Week 2026","robots":{"index":"index","follow":"follow","max-snippet":"max-snippet:-1","max-image-preview":"max-image-preview:large","max-video-preview":"max-video-preview:-1"},"canonical":"https:\/\/www.viennaartweek.at\/de\/app\/open-studio-days-2022\/","og_locale":"de_DE","og_type":"article","og_title":"Open Studio Days 2022 | Vienna Art Week 2026","og_description":"SA, 19. NOV + SO, 20. NOV, jeweils von 13-18 Uhr | Auftakt und ein Herzst\u00fcck der VIENNA ART WEEK 2022 waren die Open Studio Days. Rund 50 von einer Fachjury ausgew\u00e4hlte K\u00fcnstler:innen hielten ihre Ateliers in ganz Wien f\u00fcr Besucher:innen offen. Besucher:innen konnten Blicke\u2026","og_url":"https:\/\/www.viennaartweek.at\/de\/app\/open-studio-days-2022\/","og_site_name":"Vienna Art Week 2026","article_publisher":"https:\/\/www.facebook.com\/VIENNAARTWEEK\/","article_modified_time":"2023-09-06T10:32:15+00:00","twitter_card":"summary_large_image","twitter_site":"@viennaartweek","twitter_misc":{"Gesch\u00e4tzte Lesezeit":"1\u00a0Minute"},"schema":{"@context":"https:\/\/schema.org","@graph":[{"@type":"WebPage","@id":"https:\/\/www.viennaartweek.at\/de\/app\/open-studio-days-2022\/","url":"https:\/\/www.viennaartweek.at\/de\/app\/open-studio-days-2022\/","name":"Open Studio Days 2022 | Vienna Art Week 2026","isPartOf":{"@id":"https:\/\/www.viennaartweek.at\/de\/#website"},"datePublished":"2022-07-29T14:09:05+00:00","dateModified":"2023-09-06T10:32:15+00:00","breadcrumb":{"@id":"https:\/\/www.viennaartweek.at\/de\/app\/open-studio-days-2022\/#breadcrumb"},"inLanguage":"de","potentialAction":[{"@type":"ReadAction","target":["https:\/\/www.viennaartweek.at\/de\/app\/open-studio-days-2022\/"]}]},{"@type":"BreadcrumbList","@id":"https:\/\/www.viennaartweek.at\/de\/app\/open-studio-days-2022\/#breadcrumb","itemListElement":[{"@type":"ListItem","position":1,"name":"Home","item":"https:\/\/www.viennaartweek.at\/de\/"},{"@type":"ListItem","position":2,"name":"App","item":"https:\/\/www.viennaartweek.at\/de\/app\/"},{"@type":"ListItem","position":3,"name":"Open Studio Days 2022"}]},{"@type":"WebSite","@id":"https:\/\/www.viennaartweek.at\/de\/#website","url":"https:\/\/www.viennaartweek.at\/de\/","name":"Vienna Art Week 2025","description":"6-13 NOV 2026","publisher":{"@id":"https:\/\/www.viennaartweek.at\/de\/#organization"},"potentialAction":[{"@type":"SearchAction","target":{"@type":"EntryPoint","urlTemplate":"https:\/\/www.viennaartweek.at\/de\/?s={search_term_string}"},"query-input":{"@type":"PropertyValueSpecification","valueRequired":true,"valueName":"search_term_string"}}],"inLanguage":"de"},{"@type":"Organization","@id":"https:\/\/www.viennaartweek.at\/de\/#organization","name":"Vienna Art Week","url":"https:\/\/www.viennaartweek.at\/de\/","logo":{"@type":"ImageObject","inLanguage":"de","@id":"https:\/\/www.viennaartweek.at\/de\/#\/schema\/logo\/image\/","url":"https:\/\/www.viennaartweek.at\/wp-content\/uploads\/2020\/04\/VAW-logo-01-VAW-BLACK.jpg","contentUrl":"https:\/\/www.viennaartweek.at\/wp-content\/uploads\/2020\/04\/VAW-logo-01-VAW-BLACK.jpg","width":709,"height":484,"caption":"Vienna Art Week"},"image":{"@id":"https:\/\/www.viennaartweek.at\/de\/#\/schema\/logo\/image\/"},"sameAs":["https:\/\/www.facebook.com\/VIENNAARTWEEK\/","https:\/\/x.com\/viennaartweek","https:\/\/www.instagram.com\/viennaartweek","https:\/\/www.youtube.com\/channel\/UCKepCir33JArLzmYqGJGI1Q"]}]}},"_links":{"self":[{"href":"https:\/\/www.viennaartweek.at\/de\/wp-json\/wp\/v2\/pages\/18500","targetHints":{"allow":["GET"]}}],"collection":[{"href":"https:\/\/www.viennaartweek.at\/de\/wp-json\/wp\/v2\/pages"}],"about":[{"href":"https:\/\/www.viennaartweek.at\/de\/wp-json\/wp\/v2\/types\/page"}],"author":[{"embeddable":true,"href":"https:\/\/www.viennaartweek.at\/de\/wp-json\/wp\/v2\/users\/1"}],"replies":[{"embeddable":true,"href":"https:\/\/www.viennaartweek.at\/de\/wp-json\/wp\/v2\/comments?post=18500"}],"version-history":[{"count":11,"href":"https:\/\/www.viennaartweek.at\/de\/wp-json\/wp\/v2\/pages\/18500\/revisions"}],"predecessor-version":[{"id":20696,"href":"https:\/\/www.viennaartweek.at\/de\/wp-json\/wp\/v2\/pages\/18500\/revisions\/20696"}],"up":[{"embeddable":true,"href":"https:\/\/www.viennaartweek.at\/de\/wp-json\/wp\/v2\/pages\/18489"}],"wp:attachment":[{"href":"https:\/\/www.viennaartweek.at\/de\/wp-json\/wp\/v2\/media?parent=18500"}],"curies":[{"name":"wp","href":"https:\/\/api.w.org\/{rel}","templated":true}]}}