

{"id":24127,"date":"2023-07-12T12:58:44","date_gmt":"2023-07-12T10:58:44","guid":{"rendered":"https:\/\/www.viennaartweek.at\/?page_id=24127"},"modified":"2024-09-30T11:17:06","modified_gmt":"2024-09-30T09:17:06","slug":"fueralle2023","status":"publish","type":"page","link":"https:\/\/www.viennaartweek.at\/de\/fueralle2023\/","title":{"rendered":"Vienna Art Week f\u00fcr Alle 2023"},"content":{"rendered":"<p style=\"text-align: center;\">Alle Veranstaltungen der VIENNA ART WEEK sind kostenlos. Aufgrund beschr\u00e4nkter Platzzahl ist allerdings eine Anmeldung notwendig. Bitte melden Sie sich \u00fcber den Link bei der jeweiligen Veranstaltung an.<\/p>\n<p style=\"text-align: center;\"><strong>Haben Sie Fragen?<\/strong><\/p>\n<p style=\"text-align: center;\">Wir freuen uns \u00fcber Ihre Email an <a href=\"mailto:office@viennaartweek.at\" target=\"_blank\" rel=\"noopener\">office@viennaartweek.at<\/a> oder Ihren Anruf unter 0660 78 24 010.<\/p>\n","protected":false},"excerpt":{"rendered":"<p>Alle Veranstaltungen der VIENNA ART WEEK sind kostenlos. Aufgrund beschr\u00e4nkter Platzzahl ist allerdings eine Anmeldung notwendig. Bitte melden Sie sich \u00fcber den Link bei der jeweiligen Veranstaltung an. Haben Sie Fragen? Wir freuen uns \u00fcber Ihre Email an office@viennaartweek.at oder Ihren Anruf unter 0660 78\u2026<\/p>\n","protected":false},"author":1,"featured_media":0,"parent":0,"menu_order":18,"comment_status":"closed","ping_status":"closed","template":"vaw-for-all.php","meta":{"_acf_changed":false,"footnotes":""},"class_list":["post-24127","page","type-page","status-publish","hentry"],"acf":[],"yoast_head":"<!-- This site is optimized with the Yoast SEO plugin v26.8 - https:\/\/yoast.com\/product\/yoast-seo-wordpress\/ -->\n<title>Vienna Art Week f\u00fcr Alle 2023 | Vienna Art Week 2026<\/title>\n<meta name=\"robots\" content=\"index, follow, max-snippet:-1, max-image-preview:large, max-video-preview:-1\" \/>\n<link rel=\"canonical\" href=\"https:\/\/www.viennaartweek.at\/de\/fueralle2023\/\" \/>\n<meta property=\"og:locale\" content=\"de_DE\" \/>\n<meta property=\"og:type\" content=\"article\" \/>\n<meta property=\"og:title\" content=\"Vienna Art Week f\u00fcr Alle 2023 | Vienna Art Week 2026\" \/>\n<meta property=\"og:description\" content=\"Alle Veranstaltungen der VIENNA ART WEEK sind kostenlos. Aufgrund beschr\u00e4nkter Platzzahl ist allerdings eine Anmeldung notwendig. Bitte melden Sie sich \u00fcber den Link bei der jeweiligen Veranstaltung an. Haben Sie Fragen? Wir freuen uns \u00fcber Ihre Email an office@viennaartweek.at oder Ihren Anruf unter 0660 78\u2026\" \/>\n<meta property=\"og:url\" content=\"https:\/\/www.viennaartweek.at\/de\/fueralle2023\/\" \/>\n<meta property=\"og:site_name\" content=\"Vienna Art Week 2026\" \/>\n<meta property=\"article:publisher\" content=\"https:\/\/www.facebook.com\/VIENNAARTWEEK\/\" \/>\n<meta property=\"article:modified_time\" content=\"2024-09-30T09:17:06+00:00\" \/>\n<meta name=\"twitter:card\" content=\"summary_large_image\" \/>\n<meta name=\"twitter:site\" content=\"@viennaartweek\" \/>\n<meta name=\"twitter:label1\" content=\"Gesch\u00e4tzte Lesezeit\" \/>\n\t<meta name=\"twitter:data1\" content=\"5\u00a0Minuten\" \/>\n<script type=\"application\/ld+json\" class=\"yoast-schema-graph\">{\"@context\":\"https:\/\/schema.org\",\"@graph\":[{\"@type\":\"WebPage\",\"@id\":\"https:\/\/www.viennaartweek.at\/de\/fueralle2023\/\",\"url\":\"https:\/\/www.viennaartweek.at\/de\/fueralle2023\/\",\"name\":\"Vienna Art Week f\u00fcr Alle 2023 | Vienna Art Week 2026\",\"isPartOf\":{\"@id\":\"https:\/\/www.viennaartweek.at\/de\/#website\"},\"datePublished\":\"2023-07-12T10:58:44+00:00\",\"dateModified\":\"2024-09-30T09:17:06+00:00\",\"breadcrumb\":{\"@id\":\"https:\/\/www.viennaartweek.at\/de\/fueralle2023\/#breadcrumb\"},\"inLanguage\":\"de\",\"potentialAction\":[{\"@type\":\"ReadAction\",\"target\":[\"https:\/\/www.viennaartweek.at\/de\/fueralle2023\/\"]}]},{\"@type\":\"BreadcrumbList\",\"@id\":\"https:\/\/www.viennaartweek.at\/de\/fueralle2023\/#breadcrumb\",\"itemListElement\":[{\"@type\":\"ListItem\",\"position\":1,\"name\":\"Home\",\"item\":\"https:\/\/www.viennaartweek.at\/de\/home2022\/\"},{\"@type\":\"ListItem\",\"position\":2,\"name\":\"Vienna Art Week f\u00fcr Alle 2023\"}]},{\"@type\":\"WebSite\",\"@id\":\"https:\/\/www.viennaartweek.at\/de\/#website\",\"url\":\"https:\/\/www.viennaartweek.at\/de\/\",\"name\":\"Vienna Art Week 2025\",\"description\":\"6-13 NOV 2026\",\"publisher\":{\"@id\":\"https:\/\/www.viennaartweek.at\/de\/#organization\"},\"potentialAction\":[{\"@type\":\"SearchAction\",\"target\":{\"@type\":\"EntryPoint\",\"urlTemplate\":\"https:\/\/www.viennaartweek.at\/de\/?s={search_term_string}\"},\"query-input\":{\"@type\":\"PropertyValueSpecification\",\"valueRequired\":true,\"valueName\":\"search_term_string\"}}],\"inLanguage\":\"de\"},{\"@type\":\"Organization\",\"@id\":\"https:\/\/www.viennaartweek.at\/de\/#organization\",\"name\":\"Vienna Art Week\",\"url\":\"https:\/\/www.viennaartweek.at\/de\/\",\"logo\":{\"@type\":\"ImageObject\",\"inLanguage\":\"de\",\"@id\":\"https:\/\/www.viennaartweek.at\/de\/#\/schema\/logo\/image\/\",\"url\":\"https:\/\/www.viennaartweek.at\/wp-content\/uploads\/2020\/04\/VAW-logo-01-VAW-BLACK.jpg\",\"contentUrl\":\"https:\/\/www.viennaartweek.at\/wp-content\/uploads\/2020\/04\/VAW-logo-01-VAW-BLACK.jpg\",\"width\":709,\"height\":484,\"caption\":\"Vienna Art Week\"},\"image\":{\"@id\":\"https:\/\/www.viennaartweek.at\/de\/#\/schema\/logo\/image\/\"},\"sameAs\":[\"https:\/\/www.facebook.com\/VIENNAARTWEEK\/\",\"https:\/\/x.com\/viennaartweek\",\"https:\/\/www.instagram.com\/viennaartweek\",\"https:\/\/www.youtube.com\/channel\/UCKepCir33JArLzmYqGJGI1Q\"]}]}<\/script>\n<!-- \/ Yoast SEO plugin. -->","yoast_head_json":{"title":"Vienna Art Week f\u00fcr Alle 2023 | Vienna Art Week 2026","robots":{"index":"index","follow":"follow","max-snippet":"max-snippet:-1","max-image-preview":"max-image-preview:large","max-video-preview":"max-video-preview:-1"},"canonical":"https:\/\/www.viennaartweek.at\/de\/fueralle2023\/","og_locale":"de_DE","og_type":"article","og_title":"Vienna Art Week f\u00fcr Alle 2023 | Vienna Art Week 2026","og_description":"Alle Veranstaltungen der VIENNA ART WEEK sind kostenlos. Aufgrund beschr\u00e4nkter Platzzahl ist allerdings eine Anmeldung notwendig. Bitte melden Sie sich \u00fcber den Link bei der jeweiligen Veranstaltung an. Haben Sie Fragen? Wir freuen uns \u00fcber Ihre Email an office@viennaartweek.at oder Ihren Anruf unter 0660 78\u2026","og_url":"https:\/\/www.viennaartweek.at\/de\/fueralle2023\/","og_site_name":"Vienna Art Week 2026","article_publisher":"https:\/\/www.facebook.com\/VIENNAARTWEEK\/","article_modified_time":"2024-09-30T09:17:06+00:00","twitter_card":"summary_large_image","twitter_site":"@viennaartweek","twitter_misc":{"Gesch\u00e4tzte Lesezeit":"5\u00a0Minuten"},"schema":{"@context":"https:\/\/schema.org","@graph":[{"@type":"WebPage","@id":"https:\/\/www.viennaartweek.at\/de\/fueralle2023\/","url":"https:\/\/www.viennaartweek.at\/de\/fueralle2023\/","name":"Vienna Art Week f\u00fcr Alle 2023 | Vienna Art Week 2026","isPartOf":{"@id":"https:\/\/www.viennaartweek.at\/de\/#website"},"datePublished":"2023-07-12T10:58:44+00:00","dateModified":"2024-09-30T09:17:06+00:00","breadcrumb":{"@id":"https:\/\/www.viennaartweek.at\/de\/fueralle2023\/#breadcrumb"},"inLanguage":"de","potentialAction":[{"@type":"ReadAction","target":["https:\/\/www.viennaartweek.at\/de\/fueralle2023\/"]}]},{"@type":"BreadcrumbList","@id":"https:\/\/www.viennaartweek.at\/de\/fueralle2023\/#breadcrumb","itemListElement":[{"@type":"ListItem","position":1,"name":"Home","item":"https:\/\/www.viennaartweek.at\/de\/home2022\/"},{"@type":"ListItem","position":2,"name":"Vienna Art Week f\u00fcr Alle 2023"}]},{"@type":"WebSite","@id":"https:\/\/www.viennaartweek.at\/de\/#website","url":"https:\/\/www.viennaartweek.at\/de\/","name":"Vienna Art Week 2025","description":"6-13 NOV 2026","publisher":{"@id":"https:\/\/www.viennaartweek.at\/de\/#organization"},"potentialAction":[{"@type":"SearchAction","target":{"@type":"EntryPoint","urlTemplate":"https:\/\/www.viennaartweek.at\/de\/?s={search_term_string}"},"query-input":{"@type":"PropertyValueSpecification","valueRequired":true,"valueName":"search_term_string"}}],"inLanguage":"de"},{"@type":"Organization","@id":"https:\/\/www.viennaartweek.at\/de\/#organization","name":"Vienna Art Week","url":"https:\/\/www.viennaartweek.at\/de\/","logo":{"@type":"ImageObject","inLanguage":"de","@id":"https:\/\/www.viennaartweek.at\/de\/#\/schema\/logo\/image\/","url":"https:\/\/www.viennaartweek.at\/wp-content\/uploads\/2020\/04\/VAW-logo-01-VAW-BLACK.jpg","contentUrl":"https:\/\/www.viennaartweek.at\/wp-content\/uploads\/2020\/04\/VAW-logo-01-VAW-BLACK.jpg","width":709,"height":484,"caption":"Vienna Art Week"},"image":{"@id":"https:\/\/www.viennaartweek.at\/de\/#\/schema\/logo\/image\/"},"sameAs":["https:\/\/www.facebook.com\/VIENNAARTWEEK\/","https:\/\/x.com\/viennaartweek","https:\/\/www.instagram.com\/viennaartweek","https:\/\/www.youtube.com\/channel\/UCKepCir33JArLzmYqGJGI1Q"]}]}},"_links":{"self":[{"href":"https:\/\/www.viennaartweek.at\/de\/wp-json\/wp\/v2\/pages\/24127","targetHints":{"allow":["GET"]}}],"collection":[{"href":"https:\/\/www.viennaartweek.at\/de\/wp-json\/wp\/v2\/pages"}],"about":[{"href":"https:\/\/www.viennaartweek.at\/de\/wp-json\/wp\/v2\/types\/page"}],"author":[{"embeddable":true,"href":"https:\/\/www.viennaartweek.at\/de\/wp-json\/wp\/v2\/users\/1"}],"replies":[{"embeddable":true,"href":"https:\/\/www.viennaartweek.at\/de\/wp-json\/wp\/v2\/comments?post=24127"}],"version-history":[{"count":61,"href":"https:\/\/www.viennaartweek.at\/de\/wp-json\/wp\/v2\/pages\/24127\/revisions"}],"predecessor-version":[{"id":30017,"href":"https:\/\/www.viennaartweek.at\/de\/wp-json\/wp\/v2\/pages\/24127\/revisions\/30017"}],"wp:attachment":[{"href":"https:\/\/www.viennaartweek.at\/de\/wp-json\/wp\/v2\/media?parent=24127"}],"curies":[{"name":"wp","href":"https:\/\/api.w.org\/{rel}","templated":true}]}}