

{"id":25561,"date":"2023-11-08T13:35:07","date_gmt":"2023-11-08T11:35:07","guid":{"rendered":"https:\/\/www.viennaartweek.at\/?page_id=25561"},"modified":"2025-11-04T09:08:12","modified_gmt":"2025-11-04T07:08:12","slug":"registrationclosed","status":"publish","type":"page","link":"https:\/\/www.viennaartweek.at\/de\/registrationclosed\/","title":{"rendered":"Registration closed"},"content":{"rendered":"<h3 style=\"text-align: center;\"><\/h3>\n<h3 style=\"text-align: center;\">WIR DANKEN IHNEN F\u00dcR IHR INTERESSE!<\/h3>\n<p style=\"text-align: center;\">LEIDER IST DIE ANMELDUNG GESCHLOSSEN, DA WIR DIE MAXIMALE KAPAZIT\u00c4T ERREICHT HABEN.<\/p>\n<p style=\"text-align: center;\">Danke f\u00fcr Ihr Verst\u00e4ndnis und wir freuen uns, Sie w\u00e4hrend unserer regul\u00e4ren \u00d6ffnungszeiten im <a href=\"https:\/\/www.viennaartweek.at\/de\/house-of-learning-systems\/\" target=\"_blank\" rel=\"noopener\">HOUSE OF LEARNING SYSTEMS<\/a> willkommen zu hei\u00dfen:<\/p>\n<p style=\"text-align: center;\"><strong>Ausstellung <a href=\"https:\/\/www.viennaartweek.at\/de\/house-of-learning-systems\/\">HOUSE OF LEARNING SYSTEMS<\/a><\/strong><\/p>\n<p style=\"text-align: center;\"><strong>Argentinierstra\u00dfe 40b, 1040 Vienna<\/strong><\/p>\n<p style=\"text-align: center;\"><strong>Samstag, 8. November \u2013 Freitag, 14. November<\/strong><\/p>\n<p style=\"text-align: center;\"><strong>13:00\u201319:00 Uhr <\/strong><\/p>\n<p style=\"text-align: center;\">Wir w\u00fcnschen Ihnen eine inspirierende Festivalwoche,<br \/>\ndas Team der VIENNA ART WEEK<\/p>\n<p style=\"text-align: center;\">&#8212;&#8212;&#8212;&#8212;&#8212;&#8212;-<\/p>\n<h3 style=\"text-align: center;\">THANK YOU FOR YOUR INTEREST!<\/h3>\n<p style=\"text-align: center;\">UNFORTUNATELY, REGISTRATION IS CLOSED AS WE HAVE REACHED MAXIMUM CAPACITY.<\/p>\n<p style=\"text-align: center;\">Thank you for your understanding, and we look forward to welcoming you at the <a href=\"https:\/\/www.viennaartweek.at\/de\/house-of-learning-systems\/\" target=\"_blank\" rel=\"noopener\">HOUSE OF LEARNING SYSTEMS<\/a> during our regular opening hours:<\/p>\n<p style=\"text-align: center;\"><strong>Exhibition <a href=\"https:\/\/www.viennaartweek.at\/en\/house-of-learning-systems\/\">HOUSE OF LEARNING SYSTEMS<\/a><\/strong><\/p>\n<p style=\"text-align: center;\"><strong>Argentinierstra\u00dfe 40b, 1040 Vienna<\/strong><\/p>\n<p style=\"text-align: center;\"><strong>Saturday, November 8 \u2013 Friday, November 14<\/strong><br \/>\n<strong>1\u20137 PM<\/strong><\/p>\n<p style=\"text-align: center;\">Enjoy an inspiring festival week,<br \/>\nthe VIENNA ART WEEK team<\/p>\n","protected":false},"excerpt":{"rendered":"<p>WIR DANKEN IHNEN F\u00dcR IHR INTERESSE! LEIDER IST DIE ANMELDUNG GESCHLOSSEN, DA WIR DIE MAXIMALE KAPAZIT\u00c4T ERREICHT HABEN. Danke f\u00fcr Ihr Verst\u00e4ndnis und wir freuen uns, Sie w\u00e4hrend unserer regul\u00e4ren \u00d6ffnungszeiten im HOUSE OF LEARNING SYSTEMS willkommen zu hei\u00dfen: Ausstellung HOUSE OF LEARNING SYSTEMS Argentinierstra\u00dfe\u2026<\/p>\n","protected":false},"author":1,"featured_media":0,"parent":0,"menu_order":8,"comment_status":"closed","ping_status":"closed","template":"page-simple.php","meta":{"_acf_changed":false,"footnotes":""},"class_list":["post-25561","page","type-page","status-publish","hentry"],"acf":[],"yoast_head":"<!-- This site is optimized with the Yoast SEO plugin v26.8 - https:\/\/yoast.com\/product\/yoast-seo-wordpress\/ -->\n<title>Registration closed | Vienna Art Week 2026<\/title>\n<meta name=\"robots\" content=\"index, follow, max-snippet:-1, max-image-preview:large, max-video-preview:-1\" \/>\n<link rel=\"canonical\" href=\"https:\/\/www.viennaartweek.at\/de\/registrationclosed\/\" \/>\n<meta property=\"og:locale\" content=\"de_DE\" \/>\n<meta property=\"og:type\" content=\"article\" \/>\n<meta property=\"og:title\" content=\"Registration closed | Vienna Art Week 2026\" \/>\n<meta property=\"og:description\" content=\"WIR DANKEN IHNEN F\u00dcR IHR INTERESSE! LEIDER IST DIE ANMELDUNG GESCHLOSSEN, DA WIR DIE MAXIMALE KAPAZIT\u00c4T ERREICHT HABEN. Danke f\u00fcr Ihr Verst\u00e4ndnis und wir freuen uns, Sie w\u00e4hrend unserer regul\u00e4ren \u00d6ffnungszeiten im HOUSE OF LEARNING SYSTEMS willkommen zu hei\u00dfen: Ausstellung HOUSE OF LEARNING SYSTEMS Argentinierstra\u00dfe\u2026\" \/>\n<meta property=\"og:url\" content=\"https:\/\/www.viennaartweek.at\/de\/registrationclosed\/\" \/>\n<meta property=\"og:site_name\" content=\"Vienna Art Week 2026\" \/>\n<meta property=\"article:publisher\" content=\"https:\/\/www.facebook.com\/VIENNAARTWEEK\/\" \/>\n<meta property=\"article:modified_time\" content=\"2025-11-04T07:08:12+00:00\" \/>\n<meta name=\"twitter:card\" content=\"summary_large_image\" \/>\n<meta name=\"twitter:site\" content=\"@viennaartweek\" \/>\n<meta name=\"twitter:label1\" content=\"Gesch\u00e4tzte Lesezeit\" \/>\n\t<meta name=\"twitter:data1\" content=\"1\u00a0Minute\" \/>\n<script type=\"application\/ld+json\" class=\"yoast-schema-graph\">{\"@context\":\"https:\/\/schema.org\",\"@graph\":[{\"@type\":\"WebPage\",\"@id\":\"https:\/\/www.viennaartweek.at\/de\/registrationclosed\/\",\"url\":\"https:\/\/www.viennaartweek.at\/de\/registrationclosed\/\",\"name\":\"Registration closed | Vienna Art Week 2026\",\"isPartOf\":{\"@id\":\"https:\/\/www.viennaartweek.at\/de\/#website\"},\"datePublished\":\"2023-11-08T11:35:07+00:00\",\"dateModified\":\"2025-11-04T07:08:12+00:00\",\"breadcrumb\":{\"@id\":\"https:\/\/www.viennaartweek.at\/de\/registrationclosed\/#breadcrumb\"},\"inLanguage\":\"de\",\"potentialAction\":[{\"@type\":\"ReadAction\",\"target\":[\"https:\/\/www.viennaartweek.at\/de\/registrationclosed\/\"]}]},{\"@type\":\"BreadcrumbList\",\"@id\":\"https:\/\/www.viennaartweek.at\/de\/registrationclosed\/#breadcrumb\",\"itemListElement\":[{\"@type\":\"ListItem\",\"position\":1,\"name\":\"Home\",\"item\":\"https:\/\/www.viennaartweek.at\/de\/\"},{\"@type\":\"ListItem\",\"position\":2,\"name\":\"Registration closed\"}]},{\"@type\":\"WebSite\",\"@id\":\"https:\/\/www.viennaartweek.at\/de\/#website\",\"url\":\"https:\/\/www.viennaartweek.at\/de\/\",\"name\":\"Vienna Art Week 2025\",\"description\":\"6-13 NOV 2026\",\"publisher\":{\"@id\":\"https:\/\/www.viennaartweek.at\/de\/#organization\"},\"potentialAction\":[{\"@type\":\"SearchAction\",\"target\":{\"@type\":\"EntryPoint\",\"urlTemplate\":\"https:\/\/www.viennaartweek.at\/de\/?s={search_term_string}\"},\"query-input\":{\"@type\":\"PropertyValueSpecification\",\"valueRequired\":true,\"valueName\":\"search_term_string\"}}],\"inLanguage\":\"de\"},{\"@type\":\"Organization\",\"@id\":\"https:\/\/www.viennaartweek.at\/de\/#organization\",\"name\":\"Vienna Art Week\",\"url\":\"https:\/\/www.viennaartweek.at\/de\/\",\"logo\":{\"@type\":\"ImageObject\",\"inLanguage\":\"de\",\"@id\":\"https:\/\/www.viennaartweek.at\/de\/#\/schema\/logo\/image\/\",\"url\":\"https:\/\/www.viennaartweek.at\/wp-content\/uploads\/2020\/04\/VAW-logo-01-VAW-BLACK.jpg\",\"contentUrl\":\"https:\/\/www.viennaartweek.at\/wp-content\/uploads\/2020\/04\/VAW-logo-01-VAW-BLACK.jpg\",\"width\":709,\"height\":484,\"caption\":\"Vienna Art Week\"},\"image\":{\"@id\":\"https:\/\/www.viennaartweek.at\/de\/#\/schema\/logo\/image\/\"},\"sameAs\":[\"https:\/\/www.facebook.com\/VIENNAARTWEEK\/\",\"https:\/\/x.com\/viennaartweek\",\"https:\/\/www.instagram.com\/viennaartweek\",\"https:\/\/www.youtube.com\/channel\/UCKepCir33JArLzmYqGJGI1Q\"]}]}<\/script>\n<!-- \/ Yoast SEO plugin. -->","yoast_head_json":{"title":"Registration closed | Vienna Art Week 2026","robots":{"index":"index","follow":"follow","max-snippet":"max-snippet:-1","max-image-preview":"max-image-preview:large","max-video-preview":"max-video-preview:-1"},"canonical":"https:\/\/www.viennaartweek.at\/de\/registrationclosed\/","og_locale":"de_DE","og_type":"article","og_title":"Registration closed | Vienna Art Week 2026","og_description":"WIR DANKEN IHNEN F\u00dcR IHR INTERESSE! LEIDER IST DIE ANMELDUNG GESCHLOSSEN, DA WIR DIE MAXIMALE KAPAZIT\u00c4T ERREICHT HABEN. Danke f\u00fcr Ihr Verst\u00e4ndnis und wir freuen uns, Sie w\u00e4hrend unserer regul\u00e4ren \u00d6ffnungszeiten im HOUSE OF LEARNING SYSTEMS willkommen zu hei\u00dfen: Ausstellung HOUSE OF LEARNING SYSTEMS Argentinierstra\u00dfe\u2026","og_url":"https:\/\/www.viennaartweek.at\/de\/registrationclosed\/","og_site_name":"Vienna Art Week 2026","article_publisher":"https:\/\/www.facebook.com\/VIENNAARTWEEK\/","article_modified_time":"2025-11-04T07:08:12+00:00","twitter_card":"summary_large_image","twitter_site":"@viennaartweek","twitter_misc":{"Gesch\u00e4tzte Lesezeit":"1\u00a0Minute"},"schema":{"@context":"https:\/\/schema.org","@graph":[{"@type":"WebPage","@id":"https:\/\/www.viennaartweek.at\/de\/registrationclosed\/","url":"https:\/\/www.viennaartweek.at\/de\/registrationclosed\/","name":"Registration closed | Vienna Art Week 2026","isPartOf":{"@id":"https:\/\/www.viennaartweek.at\/de\/#website"},"datePublished":"2023-11-08T11:35:07+00:00","dateModified":"2025-11-04T07:08:12+00:00","breadcrumb":{"@id":"https:\/\/www.viennaartweek.at\/de\/registrationclosed\/#breadcrumb"},"inLanguage":"de","potentialAction":[{"@type":"ReadAction","target":["https:\/\/www.viennaartweek.at\/de\/registrationclosed\/"]}]},{"@type":"BreadcrumbList","@id":"https:\/\/www.viennaartweek.at\/de\/registrationclosed\/#breadcrumb","itemListElement":[{"@type":"ListItem","position":1,"name":"Home","item":"https:\/\/www.viennaartweek.at\/de\/"},{"@type":"ListItem","position":2,"name":"Registration closed"}]},{"@type":"WebSite","@id":"https:\/\/www.viennaartweek.at\/de\/#website","url":"https:\/\/www.viennaartweek.at\/de\/","name":"Vienna Art Week 2025","description":"6-13 NOV 2026","publisher":{"@id":"https:\/\/www.viennaartweek.at\/de\/#organization"},"potentialAction":[{"@type":"SearchAction","target":{"@type":"EntryPoint","urlTemplate":"https:\/\/www.viennaartweek.at\/de\/?s={search_term_string}"},"query-input":{"@type":"PropertyValueSpecification","valueRequired":true,"valueName":"search_term_string"}}],"inLanguage":"de"},{"@type":"Organization","@id":"https:\/\/www.viennaartweek.at\/de\/#organization","name":"Vienna Art Week","url":"https:\/\/www.viennaartweek.at\/de\/","logo":{"@type":"ImageObject","inLanguage":"de","@id":"https:\/\/www.viennaartweek.at\/de\/#\/schema\/logo\/image\/","url":"https:\/\/www.viennaartweek.at\/wp-content\/uploads\/2020\/04\/VAW-logo-01-VAW-BLACK.jpg","contentUrl":"https:\/\/www.viennaartweek.at\/wp-content\/uploads\/2020\/04\/VAW-logo-01-VAW-BLACK.jpg","width":709,"height":484,"caption":"Vienna Art Week"},"image":{"@id":"https:\/\/www.viennaartweek.at\/de\/#\/schema\/logo\/image\/"},"sameAs":["https:\/\/www.facebook.com\/VIENNAARTWEEK\/","https:\/\/x.com\/viennaartweek","https:\/\/www.instagram.com\/viennaartweek","https:\/\/www.youtube.com\/channel\/UCKepCir33JArLzmYqGJGI1Q"]}]}},"_links":{"self":[{"href":"https:\/\/www.viennaartweek.at\/de\/wp-json\/wp\/v2\/pages\/25561","targetHints":{"allow":["GET"]}}],"collection":[{"href":"https:\/\/www.viennaartweek.at\/de\/wp-json\/wp\/v2\/pages"}],"about":[{"href":"https:\/\/www.viennaartweek.at\/de\/wp-json\/wp\/v2\/types\/page"}],"author":[{"embeddable":true,"href":"https:\/\/www.viennaartweek.at\/de\/wp-json\/wp\/v2\/users\/1"}],"replies":[{"embeddable":true,"href":"https:\/\/www.viennaartweek.at\/de\/wp-json\/wp\/v2\/comments?post=25561"}],"version-history":[{"count":24,"href":"https:\/\/www.viennaartweek.at\/de\/wp-json\/wp\/v2\/pages\/25561\/revisions"}],"predecessor-version":[{"id":36142,"href":"https:\/\/www.viennaartweek.at\/de\/wp-json\/wp\/v2\/pages\/25561\/revisions\/36142"}],"wp:attachment":[{"href":"https:\/\/www.viennaartweek.at\/de\/wp-json\/wp\/v2\/media?parent=25561"}],"curies":[{"name":"wp","href":"https:\/\/api.w.org\/{rel}","templated":true}]}}