

{"id":399,"date":"2019-08-14T07:40:49","date_gmt":"2019-08-14T07:40:49","guid":{"rendered":"https:\/\/www.viennaartweek.at\/press\/"},"modified":"2026-03-05T12:38:23","modified_gmt":"2026-03-05T10:38:23","slug":"press","status":"publish","type":"page","link":"https:\/\/www.viennaartweek.at\/de\/press\/","title":{"rendered":"Presse"},"content":{"rendered":"<p>Hier finden Sie alle medienrelevanten Informationen und Presseinformationen zur VIENNA ART WEEK. Bitte verwenden Sie das Bildmaterial nur im Zusammenhang mit der aktuellen Berichterstattung und nennen Sie bei der Ver\u00f6ffentlichung das Copyright. F\u00fcr weitere Informationen stehen wir Ihnen gerne zur Verf\u00fcgung.<\/p>\n","protected":false},"excerpt":{"rendered":"<p>Hier finden Sie alle medienrelevanten Informationen und Presseinformationen zur VIENNA ART WEEK. Bitte verwenden Sie das Bildmaterial nur im Zusammenhang mit der aktuellen Berichterstattung und nennen Sie bei der Ver\u00f6ffentlichung das Copyright. F\u00fcr weitere Informationen stehen wir Ihnen gerne zur Verf\u00fcgung.<\/p>\n","protected":false},"author":1,"featured_media":0,"parent":0,"menu_order":125,"comment_status":"closed","ping_status":"closed","template":"standard.php","meta":{"_acf_changed":false,"footnotes":""},"class_list":["post-399","page","type-page","status-publish","hentry"],"acf":[],"yoast_head":"<!-- This site is optimized with the Yoast SEO plugin v26.8 - https:\/\/yoast.com\/product\/yoast-seo-wordpress\/ -->\n<title>Presse | Vienna Art Week 2026<\/title>\n<meta name=\"robots\" content=\"index, follow, max-snippet:-1, max-image-preview:large, max-video-preview:-1\" \/>\n<link rel=\"canonical\" href=\"https:\/\/www.viennaartweek.at\/de\/press\/\" \/>\n<meta property=\"og:locale\" content=\"de_DE\" \/>\n<meta property=\"og:type\" content=\"article\" \/>\n<meta property=\"og:title\" content=\"Presse | Vienna Art Week 2026\" \/>\n<meta property=\"og:description\" content=\"Hier finden Sie alle medienrelevanten Informationen und Presseinformationen zur VIENNA ART WEEK. Bitte verwenden Sie das Bildmaterial nur im Zusammenhang mit der aktuellen Berichterstattung und nennen Sie bei der Ver\u00f6ffentlichung das Copyright. F\u00fcr weitere Informationen stehen wir Ihnen gerne zur Verf\u00fcgung.\" \/>\n<meta property=\"og:url\" content=\"https:\/\/www.viennaartweek.at\/de\/press\/\" \/>\n<meta property=\"og:site_name\" content=\"Vienna Art Week 2026\" \/>\n<meta property=\"article:publisher\" content=\"https:\/\/www.facebook.com\/VIENNAARTWEEK\/\" \/>\n<meta property=\"article:modified_time\" content=\"2026-03-05T10:38:23+00:00\" \/>\n<meta name=\"twitter:card\" content=\"summary_large_image\" \/>\n<meta name=\"twitter:site\" content=\"@viennaartweek\" \/>\n<meta name=\"twitter:label1\" content=\"Gesch\u00e4tzte Lesezeit\" \/>\n\t<meta name=\"twitter:data1\" content=\"1\u00a0Minute\" \/>\n<script type=\"application\/ld+json\" class=\"yoast-schema-graph\">{\"@context\":\"https:\/\/schema.org\",\"@graph\":[{\"@type\":\"WebPage\",\"@id\":\"https:\/\/www.viennaartweek.at\/de\/press\/\",\"url\":\"https:\/\/www.viennaartweek.at\/de\/press\/\",\"name\":\"Presse | Vienna Art Week 2026\",\"isPartOf\":{\"@id\":\"https:\/\/www.viennaartweek.at\/de\/#website\"},\"datePublished\":\"2019-08-14T07:40:49+00:00\",\"dateModified\":\"2026-03-05T10:38:23+00:00\",\"breadcrumb\":{\"@id\":\"https:\/\/www.viennaartweek.at\/de\/press\/#breadcrumb\"},\"inLanguage\":\"de\",\"potentialAction\":[{\"@type\":\"ReadAction\",\"target\":[\"https:\/\/www.viennaartweek.at\/de\/press\/\"]}]},{\"@type\":\"BreadcrumbList\",\"@id\":\"https:\/\/www.viennaartweek.at\/de\/press\/#breadcrumb\",\"itemListElement\":[{\"@type\":\"ListItem\",\"position\":1,\"name\":\"Home\",\"item\":\"https:\/\/www.viennaartweek.at\/de\/home2022\/\"},{\"@type\":\"ListItem\",\"position\":2,\"name\":\"Presse\"}]},{\"@type\":\"WebSite\",\"@id\":\"https:\/\/www.viennaartweek.at\/de\/#website\",\"url\":\"https:\/\/www.viennaartweek.at\/de\/\",\"name\":\"Vienna Art Week 2025\",\"description\":\"6-13 NOV 2026\",\"publisher\":{\"@id\":\"https:\/\/www.viennaartweek.at\/de\/#organization\"},\"potentialAction\":[{\"@type\":\"SearchAction\",\"target\":{\"@type\":\"EntryPoint\",\"urlTemplate\":\"https:\/\/www.viennaartweek.at\/de\/?s={search_term_string}\"},\"query-input\":{\"@type\":\"PropertyValueSpecification\",\"valueRequired\":true,\"valueName\":\"search_term_string\"}}],\"inLanguage\":\"de\"},{\"@type\":\"Organization\",\"@id\":\"https:\/\/www.viennaartweek.at\/de\/#organization\",\"name\":\"Vienna Art Week\",\"url\":\"https:\/\/www.viennaartweek.at\/de\/\",\"logo\":{\"@type\":\"ImageObject\",\"inLanguage\":\"de\",\"@id\":\"https:\/\/www.viennaartweek.at\/de\/#\/schema\/logo\/image\/\",\"url\":\"https:\/\/www.viennaartweek.at\/wp-content\/uploads\/2020\/04\/VAW-logo-01-VAW-BLACK.jpg\",\"contentUrl\":\"https:\/\/www.viennaartweek.at\/wp-content\/uploads\/2020\/04\/VAW-logo-01-VAW-BLACK.jpg\",\"width\":709,\"height\":484,\"caption\":\"Vienna Art Week\"},\"image\":{\"@id\":\"https:\/\/www.viennaartweek.at\/de\/#\/schema\/logo\/image\/\"},\"sameAs\":[\"https:\/\/www.facebook.com\/VIENNAARTWEEK\/\",\"https:\/\/x.com\/viennaartweek\",\"https:\/\/www.instagram.com\/viennaartweek\",\"https:\/\/www.youtube.com\/channel\/UCKepCir33JArLzmYqGJGI1Q\"]}]}<\/script>\n<!-- \/ Yoast SEO plugin. -->","yoast_head_json":{"title":"Presse | Vienna Art Week 2026","robots":{"index":"index","follow":"follow","max-snippet":"max-snippet:-1","max-image-preview":"max-image-preview:large","max-video-preview":"max-video-preview:-1"},"canonical":"https:\/\/www.viennaartweek.at\/de\/press\/","og_locale":"de_DE","og_type":"article","og_title":"Presse | Vienna Art Week 2026","og_description":"Hier finden Sie alle medienrelevanten Informationen und Presseinformationen zur VIENNA ART WEEK. Bitte verwenden Sie das Bildmaterial nur im Zusammenhang mit der aktuellen Berichterstattung und nennen Sie bei der Ver\u00f6ffentlichung das Copyright. F\u00fcr weitere Informationen stehen wir Ihnen gerne zur Verf\u00fcgung.","og_url":"https:\/\/www.viennaartweek.at\/de\/press\/","og_site_name":"Vienna Art Week 2026","article_publisher":"https:\/\/www.facebook.com\/VIENNAARTWEEK\/","article_modified_time":"2026-03-05T10:38:23+00:00","twitter_card":"summary_large_image","twitter_site":"@viennaartweek","twitter_misc":{"Gesch\u00e4tzte Lesezeit":"1\u00a0Minute"},"schema":{"@context":"https:\/\/schema.org","@graph":[{"@type":"WebPage","@id":"https:\/\/www.viennaartweek.at\/de\/press\/","url":"https:\/\/www.viennaartweek.at\/de\/press\/","name":"Presse | Vienna Art Week 2026","isPartOf":{"@id":"https:\/\/www.viennaartweek.at\/de\/#website"},"datePublished":"2019-08-14T07:40:49+00:00","dateModified":"2026-03-05T10:38:23+00:00","breadcrumb":{"@id":"https:\/\/www.viennaartweek.at\/de\/press\/#breadcrumb"},"inLanguage":"de","potentialAction":[{"@type":"ReadAction","target":["https:\/\/www.viennaartweek.at\/de\/press\/"]}]},{"@type":"BreadcrumbList","@id":"https:\/\/www.viennaartweek.at\/de\/press\/#breadcrumb","itemListElement":[{"@type":"ListItem","position":1,"name":"Home","item":"https:\/\/www.viennaartweek.at\/de\/home2022\/"},{"@type":"ListItem","position":2,"name":"Presse"}]},{"@type":"WebSite","@id":"https:\/\/www.viennaartweek.at\/de\/#website","url":"https:\/\/www.viennaartweek.at\/de\/","name":"Vienna Art Week 2025","description":"6-13 NOV 2026","publisher":{"@id":"https:\/\/www.viennaartweek.at\/de\/#organization"},"potentialAction":[{"@type":"SearchAction","target":{"@type":"EntryPoint","urlTemplate":"https:\/\/www.viennaartweek.at\/de\/?s={search_term_string}"},"query-input":{"@type":"PropertyValueSpecification","valueRequired":true,"valueName":"search_term_string"}}],"inLanguage":"de"},{"@type":"Organization","@id":"https:\/\/www.viennaartweek.at\/de\/#organization","name":"Vienna Art Week","url":"https:\/\/www.viennaartweek.at\/de\/","logo":{"@type":"ImageObject","inLanguage":"de","@id":"https:\/\/www.viennaartweek.at\/de\/#\/schema\/logo\/image\/","url":"https:\/\/www.viennaartweek.at\/wp-content\/uploads\/2020\/04\/VAW-logo-01-VAW-BLACK.jpg","contentUrl":"https:\/\/www.viennaartweek.at\/wp-content\/uploads\/2020\/04\/VAW-logo-01-VAW-BLACK.jpg","width":709,"height":484,"caption":"Vienna Art Week"},"image":{"@id":"https:\/\/www.viennaartweek.at\/de\/#\/schema\/logo\/image\/"},"sameAs":["https:\/\/www.facebook.com\/VIENNAARTWEEK\/","https:\/\/x.com\/viennaartweek","https:\/\/www.instagram.com\/viennaartweek","https:\/\/www.youtube.com\/channel\/UCKepCir33JArLzmYqGJGI1Q"]}]}},"_links":{"self":[{"href":"https:\/\/www.viennaartweek.at\/de\/wp-json\/wp\/v2\/pages\/399","targetHints":{"allow":["GET"]}}],"collection":[{"href":"https:\/\/www.viennaartweek.at\/de\/wp-json\/wp\/v2\/pages"}],"about":[{"href":"https:\/\/www.viennaartweek.at\/de\/wp-json\/wp\/v2\/types\/page"}],"author":[{"embeddable":true,"href":"https:\/\/www.viennaartweek.at\/de\/wp-json\/wp\/v2\/users\/1"}],"replies":[{"embeddable":true,"href":"https:\/\/www.viennaartweek.at\/de\/wp-json\/wp\/v2\/comments?post=399"}],"version-history":[{"count":150,"href":"https:\/\/www.viennaartweek.at\/de\/wp-json\/wp\/v2\/pages\/399\/revisions"}],"predecessor-version":[{"id":36870,"href":"https:\/\/www.viennaartweek.at\/de\/wp-json\/wp\/v2\/pages\/399\/revisions\/36870"}],"wp:attachment":[{"href":"https:\/\/www.viennaartweek.at\/de\/wp-json\/wp\/v2\/media?parent=399"}],"curies":[{"name":"wp","href":"https:\/\/api.w.org\/{rel}","templated":true}]}}