

{"id":400,"date":"2019-08-14T07:40:37","date_gmt":"2019-08-14T07:40:37","guid":{"rendered":"https:\/\/www.viennaartweek.at\/about\/"},"modified":"2026-04-10T09:00:50","modified_gmt":"2026-04-10T07:00:50","slug":"about","status":"publish","type":"page","link":"https:\/\/www.viennaartweek.at\/de\/about\/","title":{"rendered":"\u00dcber uns"},"content":{"rendered":"<h2 style=\"text-align: center;\">VIENNA ART WEEK<\/h2>\n<p style=\"text-align: left;\">Die VIENNA ART WEEK wurde 2005 gegr\u00fcndet und r\u00fcckt jedes Jahr im November Wiens vielf\u00e4ltige Kunstszene ins Scheinwerferlicht. Gemeinsam mit rund 70 Programmpartner:innen bietet das Festival eine Woche lang inspirierende Kunst von der Gegenwart bis zum Barock und hat sich mit j\u00e4hrlich an die 30.000 Besucher:innen zu einem der wichtigsten Kunstevents im Donauraum entwickelt.<\/p>\n<p>&nbsp;<\/p>\n<p style=\"text-align: left;\">Das Programm der Kunstwoche umfasst allj\u00e4hrlich \u00fcber 100 Veranstaltungen bei freiem Eintritt und reicht von gef\u00fchrten Touren und Besuchen in Ateliers \u00fcber Expert:innengespr\u00e4che, Performances, Workshops und Ausstellungser\u00f6ffnungen bis hin zu Vortr\u00e4gen, Symposien und Interventionen im \u00f6ffentlichen Raum.<\/p>\n<p>&nbsp;<\/p>\n<p style=\"text-align: left;\">Gleichzeitig versteht sich die VIENNA ART WEEK als gemeinsame Plattform f\u00fcr die Wiener Kunstszene. Sie basiert auf einer weltweit einmaligen Kooperation der Wiener Kunstinstitutionen, Kunstuniversit\u00e4ten, Galerien, unabh\u00e4ngigen Kunstr\u00e4ume und K\u00fcnstler:innenvereinigungen. Unser ganzj\u00e4hriger Kunstkalender auf der Webseite zeigt den Besucher:innen das vielf\u00e4ltige Angebot der Stadt.<\/p>\n<p>&nbsp;<\/p>\n<p><img decoding=\"async\" class=\"wp-image-36730 size-medium aligncenter lazyload\" data-src=\"https:\/\/www.viennaartweek.at\/wp-content\/uploads\/2026\/01\/Team-VAW-2026-Jaen-2026-300x147.png\" alt=\"\" width=\"600\" height=\"294\" data-srcset=\"https:\/\/www.viennaartweek.at\/wp-content\/uploads\/2026\/01\/Team-VAW-2026-Jaen-2026-300x147.png 300w, https:\/\/www.viennaartweek.at\/wp-content\/uploads\/2026\/01\/Team-VAW-2026-Jaen-2026-768x377.png 768w, https:\/\/www.viennaartweek.at\/wp-content\/uploads\/2026\/01\/Team-VAW-2026-Jaen-2026.png 908w\" data-sizes=\"(max-width: 600px) 100vw, 600px\" src=\"data:image\/svg+xml;base64,PHN2ZyB3aWR0aD0iMSIgaGVpZ2h0PSIxIiB4bWxucz0iaHR0cDovL3d3dy53My5vcmcvMjAwMC9zdmciPjwvc3ZnPg==\" style=\"--smush-placeholder-width: 600px; --smush-placeholder-aspect-ratio: 600\/294;\" \/><\/p>\n<p style=\"text-align: left;\">Das VIENNA ART WEEK Team<br \/>\n(v.l.n.r.: Theresia Nickl, Robert Punkenhofer, Viviana Elisa Frager)<\/p>\n<p>&nbsp;<\/p>\n<p>&nbsp;<\/p>\n<h2><\/h2>\n<h2 style=\"text-align: center;\">ART CLUSTER VIENNA<\/h2>\n<p style=\"text-align: left;\">Hinter der VIENNA ART WEEK steht der Tr\u00e4gerverein Art Cluster Vienna. Er wurde 2004 mit dem Ziel gegr\u00fcndet, Wien als Kunststadt in den Fokus der nationalen und internationalen \u00d6ffentlichkeit zu r\u00fccken. Ein Jahr sp\u00e4ter fand die erste Ausgabe der VIENNA ART WEEK statt. Der Art Cluster Vienna ist ein Zusammenschluss einiger der wichtigsten Kunstinstitutionen Wiens, deren hochwertige Programme und Ideen wesentlich zum Erfolg der Kunstwoche beitragen.<\/p>\n<p>&nbsp;<\/p>\n<p>Die Mitglieder sind:<\/p>\n<p>&nbsp;<\/p>\n<p><a title=\"Akademie der bildenden K\u00fcnste Wien\" href=\"https:\/\/www.akbild.ac.at\/\" target=\"_blank\" rel=\"noopener\" data-cke-saved-href=\"https:\/\/www.akbild.ac.at\/\">\u2014 Akademie der bildenden K\u00fcnste Wien <\/a><\/p>\n<p><a title=\"Albertina\" href=\"https:\/\/www.albertina.at\/\" target=\"_blank\" rel=\"noopener\" data-cke-saved-href=\"https:\/\/www.albertina.at\/\">\u2014 Albertina<\/a> &amp; <a title=\"Albertina Modern\" href=\"https:\/\/www.albertina.at\/albertina-modern\/\" target=\"_blank\" rel=\"noopener\" data-cke-saved-href=\"https:\/\/www.albertina.at\/albertina-modern\/\">Albertina modern<\/a><\/p>\n<p><a title=\"Architekturzentrum Wien\" href=\"https:\/\/www.azw.at\/\" target=\"_blank\" rel=\"noopener\" data-cke-saved-href=\"https:\/\/www.azw.at\/\">\u2014 Architekturzentrum Wien<\/a><\/p>\n<p><a title=\"Belvedere\" href=\"https:\/\/www.belvedere.at\/\" target=\"_blank\" rel=\"noopener\" data-cke-saved-href=\"https:\/\/www.belvedere.at\/\">\u2014 Belvedere<\/a> &amp; <a title=\"Belvedere 21\" href=\"https:\/\/www.belvedere.at\/besuch\/belvedere-21\" target=\"_blank\" rel=\"noopener\" data-cke-saved-href=\"https:\/\/www.belvedere.at\/besuch\/belvedere-21\">Belvedere 21<\/a><\/p>\n<p>\u2014 <a title=\"Dom Museum Wien\" href=\"https:\/\/www.dommuseum.at\/\" target=\"_blank\" rel=\"noopener\" data-cke-saved-href=\"https:\/\/www.dommuseum.at\/\">Dom Museum Wien<\/a><\/p>\n<p>\u2014 <a title=\"Dorotheum\" href=\"https:\/\/www.dorotheum.com\/\" target=\"_blank\" rel=\"noopener\" data-cke-saved-href=\"https:\/\/www.dorotheum.com\/\">DOROTHEUM<\/a><\/p>\n<p>\u2014 <a href=\"https:\/\/hortencollection.com\/\" target=\"_blank\" rel=\"noopener\">Heidi Horten Collection<\/a><\/p>\n<p>\u2014\u00a0<a title=\"K\u00d6R Kunst im \u00f6ffentlichen Raum Wien\" href=\"https:\/\/www.koer.or.at\/\" target=\"_blank\" rel=\"noopener\" data-cke-saved-href=\"https:\/\/www.koer.or.at\/\">K\u00d6R <\/a><a title=\"K\u00d6R Kunst im \u00f6ffentlichen Raum Wien\" href=\"https:\/\/www.koer.or.at\/\" target=\"_blank\" rel=\"noopener\" data-cke-saved-href=\"https:\/\/www.koer.or.at\/\">Kunst im \u00f6ffentlichen Raum Wien<\/a><\/p>\n<p>\u2014 <a title=\"Kunsthalle Wien Museumsquartier &amp; Kunsthalle Wien Karlsplatz\" href=\"https:\/\/kunsthallewien.at\/\" target=\"_blank\" rel=\"noopener\" data-cke-saved-href=\"https:\/\/kunsthallewien.at\/\">Kunsthalle Wien Museumsquartier &amp; Kunsthalle Wien Karlsplatz<\/a><\/p>\n<p>\u2014 <a title=\"KUNST HAUS WIEN\" href=\"https:\/\/www.kunsthauswien.com\/\" target=\"_blank\" rel=\"noopener\" data-cke-saved-href=\"https:\/\/www.kunsthauswien.com\/\">KUNST HAUS WIEN<\/a><\/p>\n<p>\u2014 <a title=\"Kunsthistorisches Museum Wien\" href=\"https:\/\/www.khm.at\/\" target=\"_blank\" rel=\"noopener\" data-cke-saved-href=\"https:\/\/www.khm.at\/\">Kunsthistorisches Museum Wien<\/a> &amp; <a title=\"Weltmuseum Wien\" href=\"https:\/\/www.weltmuseumwien.at\/\" target=\"_blank\" rel=\"noopener\" data-cke-saved-href=\"https:\/\/www.weltmuseumwien.at\/\">Weltmuseum Wien<\/a><\/p>\n<p>\u2014 <a title=\"Leopold Museum\" href=\"https:\/\/www.leopoldmuseum.org\/\" target=\"_blank\" rel=\"noopener\" data-cke-saved-href=\"https:\/\/www.leopoldmuseum.org\/\">Leopold Museum<\/a><\/p>\n<p>\u2014 <a title=\"MAK - Museum f\u00fcr angewandte Kunst\" href=\"https:\/\/www.mak.at\/\" target=\"_blank\" rel=\"noopener\" data-cke-saved-href=\"https:\/\/www.mak.at\/\">MAK \u2013 Museum f\u00fcr angewandte Kunst<\/a><\/p>\n<p>\u2014 <a title=\"mumok Museum Moderner Kunst Stiftung Ludwig Wien \" href=\"https:\/\/www.mumok.at\/\" target=\"_blank\" rel=\"noopener\" data-cke-saved-href=\"https:\/\/www.mumok.at\/\">mumok Museum Moderner Kunst Stiftung Ludwig Wien<\/a><\/p>\n<p>\u2014 <a title=\"Q21\/MuseumsQuartier Wien\" href=\"https:\/\/www.mqw.at\/\" target=\"_blank\" rel=\"noopener\" data-cke-saved-href=\"https:\/\/www.mqw.at\/institutionen\/q21\">MuseumsQuartier Wien<\/a><\/p>\n<p>\u2014 <a title=\"Nitsch Foundation\" href=\"https:\/\/www.nitsch-foundation.com\/\" target=\"_blank\" rel=\"noopener\" data-cke-saved-href=\"https:\/\/www.nitsch-foundation.com\/\">Nitsch Foundation<\/a><\/p>\n<p>\u2014\u00a0<a href=\"https:\/\/www.kiesler.org\/\" target=\"_blank\" rel=\"noopener\">O\u0308sterreichische Friedrich und Lillian Kiesler-Privatstiftung<\/a><\/p>\n<p>\u2014 <a title=\"Secession\" href=\"https:\/\/www.secession.at\/\" target=\"_blank\" rel=\"noopener\" data-cke-saved-href=\"https:\/\/www.secession.at\/\">Secession<\/a><\/p>\n<p>\u2014 <a title=\"Sigmund Freud Museum\" href=\"https:\/\/www.freud-museum.at\/\" target=\"_blank\" rel=\"noopener\" data-cke-saved-href=\"https:\/\/www.freud-museum.at\/\">Sigmund Freud Museum<\/a><\/p>\n<p>\u2014 <a title=\"STRABAG Kunstforum\" href=\"https:\/\/strabag.art\/\" target=\"_blank\" rel=\"noopener\" data-cke-saved-href=\"https:\/\/www.strabag-kunstforum.at\/\">STRABAG ART<\/a><\/p>\n<p>\u2014\u00a0<a title=\"Universit\u00e4t f\u00fcr angewandte Kunst Wien\" href=\"https:\/\/www.dieangewandte.at\/\" target=\"_blank\" rel=\"noopener\" data-cke-saved-href=\"https:\/\/www.dieangewandte.at\/\">Universit\u00e4t f\u00fcr angewandte Kunst Wien<\/a><\/p>\n","protected":false},"excerpt":{"rendered":"<p>VIENNA ART WEEK Die VIENNA ART WEEK wurde 2005 gegr\u00fcndet und r\u00fcckt jedes Jahr im November Wiens vielf\u00e4ltige Kunstszene ins Scheinwerferlicht. Gemeinsam mit rund 70 Programmpartner:innen bietet das Festival eine Woche lang inspirierende Kunst von der Gegenwart bis zum Barock und hat sich mit j\u00e4hrlich\u2026<\/p>\n","protected":false},"author":1,"featured_media":25676,"parent":0,"menu_order":109,"comment_status":"closed","ping_status":"closed","template":"about.php","meta":{"_acf_changed":false,"footnotes":""},"class_list":["post-400","page","type-page","status-publish","has-post-thumbnail","hentry"],"acf":[],"yoast_head":"<!-- This site is optimized with the Yoast SEO plugin v26.8 - https:\/\/yoast.com\/product\/yoast-seo-wordpress\/ -->\n<title>\u00dcber uns | Vienna Art Week 2026<\/title>\n<meta name=\"robots\" content=\"index, follow, max-snippet:-1, max-image-preview:large, max-video-preview:-1\" \/>\n<link rel=\"canonical\" href=\"https:\/\/www.viennaartweek.at\/de\/about\/\" \/>\n<meta property=\"og:locale\" content=\"de_DE\" \/>\n<meta property=\"og:type\" content=\"article\" \/>\n<meta property=\"og:title\" content=\"\u00dcber uns | Vienna Art Week 2026\" \/>\n<meta property=\"og:description\" content=\"VIENNA ART WEEK Die VIENNA ART WEEK wurde 2005 gegr\u00fcndet und r\u00fcckt jedes Jahr im November Wiens vielf\u00e4ltige Kunstszene ins Scheinwerferlicht. Gemeinsam mit rund 70 Programmpartner:innen bietet das Festival eine Woche lang inspirierende Kunst von der Gegenwart bis zum Barock und hat sich mit j\u00e4hrlich\u2026\" \/>\n<meta property=\"og:url\" content=\"https:\/\/www.viennaartweek.at\/de\/about\/\" \/>\n<meta property=\"og:site_name\" content=\"Vienna Art Week 2026\" \/>\n<meta property=\"article:publisher\" content=\"https:\/\/www.facebook.com\/VIENNAARTWEEK\/\" \/>\n<meta property=\"article:modified_time\" content=\"2026-04-10T07:00:50+00:00\" \/>\n<meta property=\"og:image\" content=\"https:\/\/www.viennaartweek.at\/wp-content\/uploads\/2023\/11\/231110_VAW23_0160_cFehringer-Kopie-scaled.jpg\" \/>\n\t<meta property=\"og:image:width\" content=\"3000\" \/>\n\t<meta property=\"og:image:height\" content=\"2001\" \/>\n\t<meta property=\"og:image:type\" content=\"image\/jpeg\" \/>\n<meta name=\"twitter:card\" content=\"summary_large_image\" \/>\n<meta name=\"twitter:site\" content=\"@viennaartweek\" \/>\n<meta name=\"twitter:label1\" content=\"Gesch\u00e4tzte Lesezeit\" \/>\n\t<meta name=\"twitter:data1\" content=\"3\u00a0Minuten\" \/>\n<script type=\"application\/ld+json\" class=\"yoast-schema-graph\">{\"@context\":\"https:\/\/schema.org\",\"@graph\":[{\"@type\":\"WebPage\",\"@id\":\"https:\/\/www.viennaartweek.at\/de\/about\/\",\"url\":\"https:\/\/www.viennaartweek.at\/de\/about\/\",\"name\":\"\u00dcber uns | Vienna Art Week 2026\",\"isPartOf\":{\"@id\":\"https:\/\/www.viennaartweek.at\/de\/#website\"},\"primaryImageOfPage\":{\"@id\":\"https:\/\/www.viennaartweek.at\/de\/about\/#primaryimage\"},\"image\":{\"@id\":\"https:\/\/www.viennaartweek.at\/de\/about\/#primaryimage\"},\"thumbnailUrl\":\"https:\/\/www.viennaartweek.at\/wp-content\/uploads\/2023\/11\/231110_VAW23_0160_cFehringer-Kopie-scaled.jpg\",\"datePublished\":\"2019-08-14T07:40:37+00:00\",\"dateModified\":\"2026-04-10T07:00:50+00:00\",\"breadcrumb\":{\"@id\":\"https:\/\/www.viennaartweek.at\/de\/about\/#breadcrumb\"},\"inLanguage\":\"de\",\"potentialAction\":[{\"@type\":\"ReadAction\",\"target\":[\"https:\/\/www.viennaartweek.at\/de\/about\/\"]}]},{\"@type\":\"ImageObject\",\"inLanguage\":\"de\",\"@id\":\"https:\/\/www.viennaartweek.at\/de\/about\/#primaryimage\",\"url\":\"https:\/\/www.viennaartweek.at\/wp-content\/uploads\/2023\/11\/231110_VAW23_0160_cFehringer-Kopie-scaled.jpg\",\"contentUrl\":\"https:\/\/www.viennaartweek.at\/wp-content\/uploads\/2023\/11\/231110_VAW23_0160_cFehringer-Kopie-scaled.jpg\",\"width\":3000,\"height\":2001,\"caption\":\"\u00a9Rainer Fehringer\"},{\"@type\":\"BreadcrumbList\",\"@id\":\"https:\/\/www.viennaartweek.at\/de\/about\/#breadcrumb\",\"itemListElement\":[{\"@type\":\"ListItem\",\"position\":1,\"name\":\"Home\",\"item\":\"https:\/\/www.viennaartweek.at\/de\/home2022\/\"},{\"@type\":\"ListItem\",\"position\":2,\"name\":\"\u00dcber uns\"}]},{\"@type\":\"WebSite\",\"@id\":\"https:\/\/www.viennaartweek.at\/de\/#website\",\"url\":\"https:\/\/www.viennaartweek.at\/de\/\",\"name\":\"Vienna Art Week 2025\",\"description\":\"6-13 NOV 2026\",\"publisher\":{\"@id\":\"https:\/\/www.viennaartweek.at\/de\/#organization\"},\"potentialAction\":[{\"@type\":\"SearchAction\",\"target\":{\"@type\":\"EntryPoint\",\"urlTemplate\":\"https:\/\/www.viennaartweek.at\/de\/?s={search_term_string}\"},\"query-input\":{\"@type\":\"PropertyValueSpecification\",\"valueRequired\":true,\"valueName\":\"search_term_string\"}}],\"inLanguage\":\"de\"},{\"@type\":\"Organization\",\"@id\":\"https:\/\/www.viennaartweek.at\/de\/#organization\",\"name\":\"Vienna Art Week\",\"url\":\"https:\/\/www.viennaartweek.at\/de\/\",\"logo\":{\"@type\":\"ImageObject\",\"inLanguage\":\"de\",\"@id\":\"https:\/\/www.viennaartweek.at\/de\/#\/schema\/logo\/image\/\",\"url\":\"https:\/\/www.viennaartweek.at\/wp-content\/uploads\/2020\/04\/VAW-logo-01-VAW-BLACK.jpg\",\"contentUrl\":\"https:\/\/www.viennaartweek.at\/wp-content\/uploads\/2020\/04\/VAW-logo-01-VAW-BLACK.jpg\",\"width\":709,\"height\":484,\"caption\":\"Vienna Art Week\"},\"image\":{\"@id\":\"https:\/\/www.viennaartweek.at\/de\/#\/schema\/logo\/image\/\"},\"sameAs\":[\"https:\/\/www.facebook.com\/VIENNAARTWEEK\/\",\"https:\/\/x.com\/viennaartweek\",\"https:\/\/www.instagram.com\/viennaartweek\",\"https:\/\/www.youtube.com\/channel\/UCKepCir33JArLzmYqGJGI1Q\"]}]}<\/script>\n<!-- \/ Yoast SEO plugin. -->","yoast_head_json":{"title":"\u00dcber uns | Vienna Art Week 2026","robots":{"index":"index","follow":"follow","max-snippet":"max-snippet:-1","max-image-preview":"max-image-preview:large","max-video-preview":"max-video-preview:-1"},"canonical":"https:\/\/www.viennaartweek.at\/de\/about\/","og_locale":"de_DE","og_type":"article","og_title":"\u00dcber uns | Vienna Art Week 2026","og_description":"VIENNA ART WEEK Die VIENNA ART WEEK wurde 2005 gegr\u00fcndet und r\u00fcckt jedes Jahr im November Wiens vielf\u00e4ltige Kunstszene ins Scheinwerferlicht. Gemeinsam mit rund 70 Programmpartner:innen bietet das Festival eine Woche lang inspirierende Kunst von der Gegenwart bis zum Barock und hat sich mit j\u00e4hrlich\u2026","og_url":"https:\/\/www.viennaartweek.at\/de\/about\/","og_site_name":"Vienna Art Week 2026","article_publisher":"https:\/\/www.facebook.com\/VIENNAARTWEEK\/","article_modified_time":"2026-04-10T07:00:50+00:00","og_image":[{"width":3000,"height":2001,"url":"https:\/\/www.viennaartweek.at\/wp-content\/uploads\/2023\/11\/231110_VAW23_0160_cFehringer-Kopie-scaled.jpg","type":"image\/jpeg"}],"twitter_card":"summary_large_image","twitter_site":"@viennaartweek","twitter_misc":{"Gesch\u00e4tzte Lesezeit":"3\u00a0Minuten"},"schema":{"@context":"https:\/\/schema.org","@graph":[{"@type":"WebPage","@id":"https:\/\/www.viennaartweek.at\/de\/about\/","url":"https:\/\/www.viennaartweek.at\/de\/about\/","name":"\u00dcber uns | Vienna Art Week 2026","isPartOf":{"@id":"https:\/\/www.viennaartweek.at\/de\/#website"},"primaryImageOfPage":{"@id":"https:\/\/www.viennaartweek.at\/de\/about\/#primaryimage"},"image":{"@id":"https:\/\/www.viennaartweek.at\/de\/about\/#primaryimage"},"thumbnailUrl":"https:\/\/www.viennaartweek.at\/wp-content\/uploads\/2023\/11\/231110_VAW23_0160_cFehringer-Kopie-scaled.jpg","datePublished":"2019-08-14T07:40:37+00:00","dateModified":"2026-04-10T07:00:50+00:00","breadcrumb":{"@id":"https:\/\/www.viennaartweek.at\/de\/about\/#breadcrumb"},"inLanguage":"de","potentialAction":[{"@type":"ReadAction","target":["https:\/\/www.viennaartweek.at\/de\/about\/"]}]},{"@type":"ImageObject","inLanguage":"de","@id":"https:\/\/www.viennaartweek.at\/de\/about\/#primaryimage","url":"https:\/\/www.viennaartweek.at\/wp-content\/uploads\/2023\/11\/231110_VAW23_0160_cFehringer-Kopie-scaled.jpg","contentUrl":"https:\/\/www.viennaartweek.at\/wp-content\/uploads\/2023\/11\/231110_VAW23_0160_cFehringer-Kopie-scaled.jpg","width":3000,"height":2001,"caption":"\u00a9Rainer Fehringer"},{"@type":"BreadcrumbList","@id":"https:\/\/www.viennaartweek.at\/de\/about\/#breadcrumb","itemListElement":[{"@type":"ListItem","position":1,"name":"Home","item":"https:\/\/www.viennaartweek.at\/de\/home2022\/"},{"@type":"ListItem","position":2,"name":"\u00dcber uns"}]},{"@type":"WebSite","@id":"https:\/\/www.viennaartweek.at\/de\/#website","url":"https:\/\/www.viennaartweek.at\/de\/","name":"Vienna Art Week 2025","description":"6-13 NOV 2026","publisher":{"@id":"https:\/\/www.viennaartweek.at\/de\/#organization"},"potentialAction":[{"@type":"SearchAction","target":{"@type":"EntryPoint","urlTemplate":"https:\/\/www.viennaartweek.at\/de\/?s={search_term_string}"},"query-input":{"@type":"PropertyValueSpecification","valueRequired":true,"valueName":"search_term_string"}}],"inLanguage":"de"},{"@type":"Organization","@id":"https:\/\/www.viennaartweek.at\/de\/#organization","name":"Vienna Art Week","url":"https:\/\/www.viennaartweek.at\/de\/","logo":{"@type":"ImageObject","inLanguage":"de","@id":"https:\/\/www.viennaartweek.at\/de\/#\/schema\/logo\/image\/","url":"https:\/\/www.viennaartweek.at\/wp-content\/uploads\/2020\/04\/VAW-logo-01-VAW-BLACK.jpg","contentUrl":"https:\/\/www.viennaartweek.at\/wp-content\/uploads\/2020\/04\/VAW-logo-01-VAW-BLACK.jpg","width":709,"height":484,"caption":"Vienna Art Week"},"image":{"@id":"https:\/\/www.viennaartweek.at\/de\/#\/schema\/logo\/image\/"},"sameAs":["https:\/\/www.facebook.com\/VIENNAARTWEEK\/","https:\/\/x.com\/viennaartweek","https:\/\/www.instagram.com\/viennaartweek","https:\/\/www.youtube.com\/channel\/UCKepCir33JArLzmYqGJGI1Q"]}]}},"_links":{"self":[{"href":"https:\/\/www.viennaartweek.at\/de\/wp-json\/wp\/v2\/pages\/400","targetHints":{"allow":["GET"]}}],"collection":[{"href":"https:\/\/www.viennaartweek.at\/de\/wp-json\/wp\/v2\/pages"}],"about":[{"href":"https:\/\/www.viennaartweek.at\/de\/wp-json\/wp\/v2\/types\/page"}],"author":[{"embeddable":true,"href":"https:\/\/www.viennaartweek.at\/de\/wp-json\/wp\/v2\/users\/1"}],"replies":[{"embeddable":true,"href":"https:\/\/www.viennaartweek.at\/de\/wp-json\/wp\/v2\/comments?post=400"}],"version-history":[{"count":93,"href":"https:\/\/www.viennaartweek.at\/de\/wp-json\/wp\/v2\/pages\/400\/revisions"}],"predecessor-version":[{"id":37139,"href":"https:\/\/www.viennaartweek.at\/de\/wp-json\/wp\/v2\/pages\/400\/revisions\/37139"}],"wp:featuredmedia":[{"embeddable":true,"href":"https:\/\/www.viennaartweek.at\/de\/wp-json\/wp\/v2\/media\/25676"}],"wp:attachment":[{"href":"https:\/\/www.viennaartweek.at\/de\/wp-json\/wp\/v2\/media?parent=400"}],"curies":[{"name":"wp","href":"https:\/\/api.w.org\/{rel}","templated":true}]}}