

{"id":4979,"date":"2020-05-14T12:35:26","date_gmt":"2020-05-14T10:35:26","guid":{"rendered":"https:\/\/www.viennaartweek.at\/?page_id=4979"},"modified":"2026-04-10T11:37:57","modified_gmt":"2026-04-10T09:37:57","slug":"open-studio-days-form","status":"publish","type":"page","link":"https:\/\/www.viennaartweek.at\/de\/open-studio-days-form\/","title":{"rendered":"Open Studio Days Form"},"content":{"rendered":"<p>(English below)<\/p>\n<p>&nbsp;<\/p>\n<p><strong>Open Studio Days 2026<\/strong><br \/>\n7 &amp; 8 NOV 2026, jeweils 13:00 bis 18:00 Uhr<br \/>\n<em>Bewerbungen bis 10. Mai 2026<\/em><\/p>\n<p>Wir laden in Wien arbeitende K\u00fcnstler:innen ein, ihre Einreichung zur Teilnahme an den Open Studio Days im Rahmen der VIENNA ART WEEK bis sp\u00e4testens 10. Mai 2026 hochzuladen.<\/p>\n<p>Aus allen Einreichungen werden K\u00fcnstler:innen ausgew\u00e4hlt, die an beiden Tagen der Open Studio Days ihre Ateliers ge\u00f6ffnet halten und Besucher:innen willkommen hei\u00dfen. Priorit\u00e4t beim Open Call haben jene K\u00fcnstler:innen, die im letzten Jahr nicht an den Open Studio Days teilgenommen haben.<\/p>\n<p><strong>Alle Informationen zur Ausschreibung<\/strong> finden Sie <a href=\"https:\/\/www.viennaartweek.at\/wp-content\/uploads\/2026\/04\/OpenCall-2026-OSD-DE.pdf\" target=\"_blank\" rel=\"noopener\">hier.<\/a><\/p>\n<p><strong>Haben Sie Fragen?<\/strong><\/p>\n<p>Bitte wenden Sie sich an Viviana Elisa Frager:<br \/>\n<a href=\"mailto:openstudiodays@viennaartweek.at\">openstudiodays@viennaartweek.at<\/a><br \/>\nTelefon: +43 699 \/ 11089213<\/p>\n<p><strong>Wichtiger Hinweise<\/strong><\/p>\n<p>Zur Kommunikation werden die in der Anmeldung angef\u00fchrten Daten verwendet. Bitte nehmen Sie sich Zeit, um sicherzustellen, dass alle Informationen korrekt und vollst\u00e4ndig angegeben sind. Bei Umzug bitte mit jener Atelieradresse einreichen, die im November 2026 bestehen wird.<\/p>\n<p><strong>Bitte hinunterscrollen, um zum Formular zu gelangen.<\/strong><\/p>\n<p>&nbsp;<\/p>\n<p>&#8211; &#8211; &#8211; &#8211;<br \/>\n<strong>ENGLISH<\/strong><\/p>\n<p><strong>Open Studio Days 2026<\/strong><br \/>\n7 &amp; 8 NOV 2026, 1-6 PM<br \/>\n<em>Applications until May 10, 2026<\/em><\/p>\n<p>We invite artists working in Vienna to submit their applications for participation in the Open Studio Days as part of VIENNA ART WEEK by May 10, 2026 at the latest.<\/p>\n<p>From all submissions, selected artists will open their studios to visitors on both Open Studio Days. Priority in the Open Call will be given to those who did not participate in last year\u2019s Open Studio Days.<\/p>\n<p><strong>All information about the Open Call<\/strong> can be found <a href=\"https:\/\/www.viennaartweek.at\/wp-content\/uploads\/2026\/04\/OpenCall-2026-OSD-EN.pdf\" target=\"_blank\" rel=\"noopener\">here.<\/a><\/p>\n<p><strong>Do you have any questions?<\/strong><\/p>\n<p>Please contact Viviana Frager at:<br \/>\n<a href=\"mailto:openstudiodays@viennaartweek.at\">openstudiodays@viennaartweek.at<\/a><br \/>\nPhone: +43 699 \/ 11089213<\/p>\n<p><strong>Important note<\/strong><\/p>\n<p>The information provided in the application will be used for communication purposes. Please take the time to ensure that all details are correct and complete. If you plan to move, please submit your application with the studio address that will be valid in November 2026.<\/p>\n<p><strong>Fill in the form below.<\/strong><\/p>\n","protected":false},"excerpt":{"rendered":"<p>(English below) &nbsp; Open Studio Days 2026 7 &amp; 8 NOV 2026, jeweils 13:00 bis 18:00 Uhr Bewerbungen bis 10. Mai 2026 Wir laden in Wien arbeitende K\u00fcnstler:innen ein, ihre Einreichung zur Teilnahme an den Open Studio Days im Rahmen der VIENNA ART WEEK bis\u2026<\/p>\n","protected":false},"author":1,"featured_media":26413,"parent":0,"menu_order":103,"comment_status":"closed","ping_status":"closed","template":"openstudio-form.php","meta":{"_acf_changed":false,"footnotes":""},"class_list":["post-4979","page","type-page","status-publish","has-post-thumbnail","hentry"],"acf":[],"yoast_head":"<!-- This site is optimized with the Yoast SEO plugin v26.8 - https:\/\/yoast.com\/product\/yoast-seo-wordpress\/ -->\n<title>Open Studio Days Form | Vienna Art Week 2026<\/title>\n<meta name=\"robots\" content=\"index, follow, max-snippet:-1, max-image-preview:large, max-video-preview:-1\" \/>\n<link rel=\"canonical\" href=\"https:\/\/www.viennaartweek.at\/de\/open-studio-days-form\/\" \/>\n<meta property=\"og:locale\" content=\"de_DE\" \/>\n<meta property=\"og:type\" content=\"article\" \/>\n<meta property=\"og:title\" content=\"Open Studio Days Form | Vienna Art Week 2026\" \/>\n<meta property=\"og:description\" content=\"(English below) &nbsp; Open Studio Days 2026 7 &amp; 8 NOV 2026, jeweils 13:00 bis 18:00 Uhr Bewerbungen bis 10. Mai 2026 Wir laden in Wien arbeitende K\u00fcnstler:innen ein, ihre Einreichung zur Teilnahme an den Open Studio Days im Rahmen der VIENNA ART WEEK bis\u2026\" \/>\n<meta property=\"og:url\" content=\"https:\/\/www.viennaartweek.at\/de\/open-studio-days-form\/\" \/>\n<meta property=\"og:site_name\" content=\"Vienna Art Week 2026\" \/>\n<meta property=\"article:publisher\" content=\"https:\/\/www.facebook.com\/VIENNAARTWEEK\/\" \/>\n<meta property=\"article:modified_time\" content=\"2026-04-10T09:37:57+00:00\" \/>\n<meta property=\"og:image\" content=\"https:\/\/www.viennaartweek.at\/wp-content\/uploads\/2024\/03\/VAW-Logo-20Edition-Gold.png\" \/>\n\t<meta property=\"og:image:width\" content=\"2480\" \/>\n\t<meta property=\"og:image:height\" content=\"1181\" \/>\n\t<meta property=\"og:image:type\" content=\"image\/png\" \/>\n<meta name=\"twitter:card\" content=\"summary_large_image\" \/>\n<meta name=\"twitter:site\" content=\"@viennaartweek\" \/>\n<meta name=\"twitter:label1\" content=\"Gesch\u00e4tzte Lesezeit\" \/>\n\t<meta name=\"twitter:data1\" content=\"3\u00a0Minuten\" \/>\n<script type=\"application\/ld+json\" class=\"yoast-schema-graph\">{\"@context\":\"https:\/\/schema.org\",\"@graph\":[{\"@type\":\"WebPage\",\"@id\":\"https:\/\/www.viennaartweek.at\/de\/open-studio-days-form\/\",\"url\":\"https:\/\/www.viennaartweek.at\/de\/open-studio-days-form\/\",\"name\":\"Open Studio Days Form | Vienna Art Week 2026\",\"isPartOf\":{\"@id\":\"https:\/\/www.viennaartweek.at\/de\/#website\"},\"primaryImageOfPage\":{\"@id\":\"https:\/\/www.viennaartweek.at\/de\/open-studio-days-form\/#primaryimage\"},\"image\":{\"@id\":\"https:\/\/www.viennaartweek.at\/de\/open-studio-days-form\/#primaryimage\"},\"thumbnailUrl\":\"https:\/\/www.viennaartweek.at\/wp-content\/uploads\/2024\/03\/VAW-Logo-20Edition-Gold.png\",\"datePublished\":\"2020-05-14T10:35:26+00:00\",\"dateModified\":\"2026-04-10T09:37:57+00:00\",\"breadcrumb\":{\"@id\":\"https:\/\/www.viennaartweek.at\/de\/open-studio-days-form\/#breadcrumb\"},\"inLanguage\":\"de\",\"potentialAction\":[{\"@type\":\"ReadAction\",\"target\":[\"https:\/\/www.viennaartweek.at\/de\/open-studio-days-form\/\"]}]},{\"@type\":\"ImageObject\",\"inLanguage\":\"de\",\"@id\":\"https:\/\/www.viennaartweek.at\/de\/open-studio-days-form\/#primaryimage\",\"url\":\"https:\/\/www.viennaartweek.at\/wp-content\/uploads\/2024\/03\/VAW-Logo-20Edition-Gold.png\",\"contentUrl\":\"https:\/\/www.viennaartweek.at\/wp-content\/uploads\/2024\/03\/VAW-Logo-20Edition-Gold.png\",\"width\":2480,\"height\":1181},{\"@type\":\"BreadcrumbList\",\"@id\":\"https:\/\/www.viennaartweek.at\/de\/open-studio-days-form\/#breadcrumb\",\"itemListElement\":[{\"@type\":\"ListItem\",\"position\":1,\"name\":\"Home\",\"item\":\"https:\/\/www.viennaartweek.at\/de\/home2022\/\"},{\"@type\":\"ListItem\",\"position\":2,\"name\":\"Open Studio Days Form\"}]},{\"@type\":\"WebSite\",\"@id\":\"https:\/\/www.viennaartweek.at\/de\/#website\",\"url\":\"https:\/\/www.viennaartweek.at\/de\/\",\"name\":\"Vienna Art Week 2025\",\"description\":\"6-13 NOV 2026\",\"publisher\":{\"@id\":\"https:\/\/www.viennaartweek.at\/de\/#organization\"},\"potentialAction\":[{\"@type\":\"SearchAction\",\"target\":{\"@type\":\"EntryPoint\",\"urlTemplate\":\"https:\/\/www.viennaartweek.at\/de\/?s={search_term_string}\"},\"query-input\":{\"@type\":\"PropertyValueSpecification\",\"valueRequired\":true,\"valueName\":\"search_term_string\"}}],\"inLanguage\":\"de\"},{\"@type\":\"Organization\",\"@id\":\"https:\/\/www.viennaartweek.at\/de\/#organization\",\"name\":\"Vienna Art Week\",\"url\":\"https:\/\/www.viennaartweek.at\/de\/\",\"logo\":{\"@type\":\"ImageObject\",\"inLanguage\":\"de\",\"@id\":\"https:\/\/www.viennaartweek.at\/de\/#\/schema\/logo\/image\/\",\"url\":\"https:\/\/www.viennaartweek.at\/wp-content\/uploads\/2020\/04\/VAW-logo-01-VAW-BLACK.jpg\",\"contentUrl\":\"https:\/\/www.viennaartweek.at\/wp-content\/uploads\/2020\/04\/VAW-logo-01-VAW-BLACK.jpg\",\"width\":709,\"height\":484,\"caption\":\"Vienna Art Week\"},\"image\":{\"@id\":\"https:\/\/www.viennaartweek.at\/de\/#\/schema\/logo\/image\/\"},\"sameAs\":[\"https:\/\/www.facebook.com\/VIENNAARTWEEK\/\",\"https:\/\/x.com\/viennaartweek\",\"https:\/\/www.instagram.com\/viennaartweek\",\"https:\/\/www.youtube.com\/channel\/UCKepCir33JArLzmYqGJGI1Q\"]}]}<\/script>\n<!-- \/ Yoast SEO plugin. -->","yoast_head_json":{"title":"Open Studio Days Form | Vienna Art Week 2026","robots":{"index":"index","follow":"follow","max-snippet":"max-snippet:-1","max-image-preview":"max-image-preview:large","max-video-preview":"max-video-preview:-1"},"canonical":"https:\/\/www.viennaartweek.at\/de\/open-studio-days-form\/","og_locale":"de_DE","og_type":"article","og_title":"Open Studio Days Form | Vienna Art Week 2026","og_description":"(English below) &nbsp; Open Studio Days 2026 7 &amp; 8 NOV 2026, jeweils 13:00 bis 18:00 Uhr Bewerbungen bis 10. Mai 2026 Wir laden in Wien arbeitende K\u00fcnstler:innen ein, ihre Einreichung zur Teilnahme an den Open Studio Days im Rahmen der VIENNA ART WEEK bis\u2026","og_url":"https:\/\/www.viennaartweek.at\/de\/open-studio-days-form\/","og_site_name":"Vienna Art Week 2026","article_publisher":"https:\/\/www.facebook.com\/VIENNAARTWEEK\/","article_modified_time":"2026-04-10T09:37:57+00:00","og_image":[{"width":2480,"height":1181,"url":"https:\/\/www.viennaartweek.at\/wp-content\/uploads\/2024\/03\/VAW-Logo-20Edition-Gold.png","type":"image\/png"}],"twitter_card":"summary_large_image","twitter_site":"@viennaartweek","twitter_misc":{"Gesch\u00e4tzte Lesezeit":"3\u00a0Minuten"},"schema":{"@context":"https:\/\/schema.org","@graph":[{"@type":"WebPage","@id":"https:\/\/www.viennaartweek.at\/de\/open-studio-days-form\/","url":"https:\/\/www.viennaartweek.at\/de\/open-studio-days-form\/","name":"Open Studio Days Form | Vienna Art Week 2026","isPartOf":{"@id":"https:\/\/www.viennaartweek.at\/de\/#website"},"primaryImageOfPage":{"@id":"https:\/\/www.viennaartweek.at\/de\/open-studio-days-form\/#primaryimage"},"image":{"@id":"https:\/\/www.viennaartweek.at\/de\/open-studio-days-form\/#primaryimage"},"thumbnailUrl":"https:\/\/www.viennaartweek.at\/wp-content\/uploads\/2024\/03\/VAW-Logo-20Edition-Gold.png","datePublished":"2020-05-14T10:35:26+00:00","dateModified":"2026-04-10T09:37:57+00:00","breadcrumb":{"@id":"https:\/\/www.viennaartweek.at\/de\/open-studio-days-form\/#breadcrumb"},"inLanguage":"de","potentialAction":[{"@type":"ReadAction","target":["https:\/\/www.viennaartweek.at\/de\/open-studio-days-form\/"]}]},{"@type":"ImageObject","inLanguage":"de","@id":"https:\/\/www.viennaartweek.at\/de\/open-studio-days-form\/#primaryimage","url":"https:\/\/www.viennaartweek.at\/wp-content\/uploads\/2024\/03\/VAW-Logo-20Edition-Gold.png","contentUrl":"https:\/\/www.viennaartweek.at\/wp-content\/uploads\/2024\/03\/VAW-Logo-20Edition-Gold.png","width":2480,"height":1181},{"@type":"BreadcrumbList","@id":"https:\/\/www.viennaartweek.at\/de\/open-studio-days-form\/#breadcrumb","itemListElement":[{"@type":"ListItem","position":1,"name":"Home","item":"https:\/\/www.viennaartweek.at\/de\/home2022\/"},{"@type":"ListItem","position":2,"name":"Open Studio Days Form"}]},{"@type":"WebSite","@id":"https:\/\/www.viennaartweek.at\/de\/#website","url":"https:\/\/www.viennaartweek.at\/de\/","name":"Vienna Art Week 2025","description":"6-13 NOV 2026","publisher":{"@id":"https:\/\/www.viennaartweek.at\/de\/#organization"},"potentialAction":[{"@type":"SearchAction","target":{"@type":"EntryPoint","urlTemplate":"https:\/\/www.viennaartweek.at\/de\/?s={search_term_string}"},"query-input":{"@type":"PropertyValueSpecification","valueRequired":true,"valueName":"search_term_string"}}],"inLanguage":"de"},{"@type":"Organization","@id":"https:\/\/www.viennaartweek.at\/de\/#organization","name":"Vienna Art Week","url":"https:\/\/www.viennaartweek.at\/de\/","logo":{"@type":"ImageObject","inLanguage":"de","@id":"https:\/\/www.viennaartweek.at\/de\/#\/schema\/logo\/image\/","url":"https:\/\/www.viennaartweek.at\/wp-content\/uploads\/2020\/04\/VAW-logo-01-VAW-BLACK.jpg","contentUrl":"https:\/\/www.viennaartweek.at\/wp-content\/uploads\/2020\/04\/VAW-logo-01-VAW-BLACK.jpg","width":709,"height":484,"caption":"Vienna Art Week"},"image":{"@id":"https:\/\/www.viennaartweek.at\/de\/#\/schema\/logo\/image\/"},"sameAs":["https:\/\/www.facebook.com\/VIENNAARTWEEK\/","https:\/\/x.com\/viennaartweek","https:\/\/www.instagram.com\/viennaartweek","https:\/\/www.youtube.com\/channel\/UCKepCir33JArLzmYqGJGI1Q"]}]}},"_links":{"self":[{"href":"https:\/\/www.viennaartweek.at\/de\/wp-json\/wp\/v2\/pages\/4979","targetHints":{"allow":["GET"]}}],"collection":[{"href":"https:\/\/www.viennaartweek.at\/de\/wp-json\/wp\/v2\/pages"}],"about":[{"href":"https:\/\/www.viennaartweek.at\/de\/wp-json\/wp\/v2\/types\/page"}],"author":[{"embeddable":true,"href":"https:\/\/www.viennaartweek.at\/de\/wp-json\/wp\/v2\/users\/1"}],"replies":[{"embeddable":true,"href":"https:\/\/www.viennaartweek.at\/de\/wp-json\/wp\/v2\/comments?post=4979"}],"version-history":[{"count":86,"href":"https:\/\/www.viennaartweek.at\/de\/wp-json\/wp\/v2\/pages\/4979\/revisions"}],"predecessor-version":[{"id":37158,"href":"https:\/\/www.viennaartweek.at\/de\/wp-json\/wp\/v2\/pages\/4979\/revisions\/37158"}],"wp:featuredmedia":[{"embeddable":true,"href":"https:\/\/www.viennaartweek.at\/de\/wp-json\/wp\/v2\/media\/26413"}],"wp:attachment":[{"href":"https:\/\/www.viennaartweek.at\/de\/wp-json\/wp\/v2\/media?parent=4979"}],"curies":[{"name":"wp","href":"https:\/\/api.w.org\/{rel}","templated":true}]}}